{"id":743,"date":"2020-03-26T14:42:52","date_gmt":"2020-03-26T14:42:52","guid":{"rendered":"http:\/\/laleaua.nl\/cmcc\/?page_id=743"},"modified":"2025-03-20T09:51:08","modified_gmt":"2025-03-20T08:51:08","slug":"meidenclub","status":"publish","type":"page","link":"https:\/\/laleaua.nl\/cmcc\/meidenclub\/","title":{"rendered":"Meidenclub"},"content":{"rendered":"\t\t<div data-elementor-type=\"wp-page\" data-elementor-id=\"743\" class=\"elementor elementor-743\" data-elementor-post-type=\"page\">\n\t\t\t\t\t\t<section class=\"elementor-section elementor-top-section elementor-element elementor-element-7536ec2 elementor-section-boxed elementor-section-height-default elementor-section-height-default\" data-id=\"7536ec2\" data-element_type=\"section\" data-e-type=\"section\">\n\t\t\t\t\t\t<div class=\"elementor-container elementor-column-gap-default\">\n\t\t\t\t\t<div class=\"elementor-column elementor-col-100 elementor-top-column elementor-element elementor-element-3b224b3\" data-id=\"3b224b3\" data-element_type=\"column\" data-e-type=\"column\">\n\t\t\t<div class=\"elementor-widget-wrap elementor-element-populated\">\n\t\t\t\t\t\t<div class=\"elementor-element elementor-element-d7f00b2 elementor-widget elementor-widget-image\" data-id=\"d7f00b2\" data-element_type=\"widget\" data-e-type=\"widget\" data-widget_type=\"image.default\">\n\t\t\t\t<div class=\"elementor-widget-container\">\n\t\t\t\t\t\t\t\t\t\t\t\t\t\t\t<img fetchpriority=\"high\" decoding=\"async\" width=\"768\" height=\"148\" src=\"https:\/\/laleaua.nl\/cmcc\/wp-content\/uploads\/2020\/09\/3-e1601282446987-768x148.png\" class=\"attachment-medium_large size-medium_large wp-image-1960\" alt=\"\" srcset=\"https:\/\/laleaua.nl\/cmcc\/wp-content\/uploads\/2020\/09\/3-e1601282446987-768x148.png 768w, https:\/\/laleaua.nl\/cmcc\/wp-content\/uploads\/2020\/09\/3-e1601282446987-300x58.png 300w, https:\/\/laleaua.nl\/cmcc\/wp-content\/uploads\/2020\/09\/3-e1601282446987-1024x197.png 1024w, https:\/\/laleaua.nl\/cmcc\/wp-content\/uploads\/2020\/09\/3-e1601282446987-1536x296.png 1536w, https:\/\/laleaua.nl\/cmcc\/wp-content\/uploads\/2020\/09\/3-e1601282446987-600x116.png 600w, https:\/\/laleaua.nl\/cmcc\/wp-content\/uploads\/2020\/09\/3-e1601282446987.png 2000w\" sizes=\"(max-width: 768px) 100vw, 768px\" \/>\t\t\t\t\t\t\t\t\t\t\t\t\t\t\t<\/div>\n\t\t\t\t<\/div>\n\t\t\t\t\t<\/div>\n\t\t<\/div>\n\t\t\t\t\t<\/div>\n\t\t<\/section>\n\t\t\t\t<section class=\"elementor-section elementor-top-section elementor-element elementor-element-d8393bd elementor-section-boxed elementor-section-height-default elementor-section-height-default\" data-id=\"d8393bd\" data-element_type=\"section\" data-e-type=\"section\">\n\t\t\t\t\t\t<div class=\"elementor-container elementor-column-gap-default\">\n\t\t\t\t\t<div class=\"elementor-column elementor-col-100 elementor-top-column elementor-element elementor-element-6b10d09\" data-id=\"6b10d09\" data-element_type=\"column\" data-e-type=\"column\">\n\t\t\t<div class=\"elementor-widget-wrap elementor-element-populated\">\n\t\t\t\t\t\t<div class=\"elementor-element elementor-element-aec5ea1 elementor-widget elementor-widget-text-editor\" data-id=\"aec5ea1\" data-element_type=\"widget\" data-e-type=\"widget\" data-widget_type=\"text-editor.default\">\n\t\t\t\t<div class=\"elementor-widget-container\">\n\t\t\t\t\t\t\t\t\t<p>De Meidenclub is de plek voor meiden waarin we praten over hun dagelijks leven\u00a0en daar aan de hand van de Bijbel inzicht en informatie over geven.\u00a0<br \/>We spelen spelletjes, kleuren, geven onderwijs en kletsen met elkaar.\u00a0<\/p>\t\t\t\t\t\t\t\t<\/div>\n\t\t\t\t<\/div>\n\t\t\t\t\t<\/div>\n\t\t<\/div>\n\t\t\t\t\t<\/div>\n\t\t<\/section>\n\t\t\t\t<section class=\"elementor-section elementor-top-section elementor-element elementor-element-e4d534e elementor-section-stretched elementor-section-full_width elementor-section-height-default elementor-section-height-default\" data-id=\"e4d534e\" data-element_type=\"section\" data-e-type=\"section\" data-settings=\"{&quot;stretch_section&quot;:&quot;section-stretched&quot;}\">\n\t\t\t\t\t\t<div class=\"elementor-container elementor-column-gap-no\">\n\t\t\t\t\t<div class=\"elementor-column elementor-col-100 elementor-top-column elementor-element elementor-element-a01e965\" data-id=\"a01e965\" data-element_type=\"column\" data-e-type=\"column\">\n\t\t\t<div class=\"elementor-widget-wrap elementor-element-populated\">\n\t\t\t\t\t\t<div class=\"elementor-element elementor-element-7290163 elementor-arrows-position-inside elementor-pagination-position-outside elementor-widget elementor-widget-image-carousel\" data-id=\"7290163\" data-element_type=\"widget\" data-e-type=\"widget\" data-settings=\"{&quot;slides_to_show&quot;:&quot;2&quot;,&quot;navigation&quot;:&quot;both&quot;,&quot;autoplay&quot;:&quot;yes&quot;,&quot;pause_on_hover&quot;:&quot;yes&quot;,&quot;pause_on_interaction&quot;:&quot;yes&quot;,&quot;autoplay_speed&quot;:5000,&quot;infinite&quot;:&quot;yes&quot;,&quot;speed&quot;:500}\" data-widget_type=\"image-carousel.default\">\n\t\t\t\t<div class=\"elementor-widget-container\">\n\t\t\t\t\t\t\t<div class=\"elementor-image-carousel-wrapper swiper\" role=\"region\" aria-roledescription=\"carousel\" aria-label=\"Afbeelding carrousel\" dir=\"ltr\">\n\t\t\t<div class=\"elementor-image-carousel swiper-wrapper\" aria-live=\"off\">\n\t\t\t\t\t\t\t\t<div class=\"swiper-slide\" role=\"group\" aria-roledescription=\"slide\" aria-label=\"1 van 7\"><figure class=\"swiper-slide-inner\"><img decoding=\"async\" class=\"swiper-slide-image\" src=\"https:\/\/laleaua.nl\/cmcc\/wp-content\/uploads\/2020\/09\/E5C00AEB-0AE0-46F6-94F2-64A8E0B4369F-scaled.jpg\" alt=\"Processed with VSCO with f2 preset\" \/><\/figure><\/div><div class=\"swiper-slide\" role=\"group\" aria-roledescription=\"slide\" aria-label=\"2 van 7\"><figure class=\"swiper-slide-inner\"><img decoding=\"async\" class=\"swiper-slide-image\" src=\"https:\/\/laleaua.nl\/cmcc\/wp-content\/uploads\/2020\/07\/FB09E260-6B06-4A6F-9A0A-4B904DAB6995-scaled.jpg\" alt=\"Processed with VSCO with f2 preset\" \/><\/figure><\/div><div class=\"swiper-slide\" role=\"group\" aria-roledescription=\"slide\" aria-label=\"3 van 7\"><figure class=\"swiper-slide-inner\"><img decoding=\"async\" class=\"swiper-slide-image\" src=\"https:\/\/laleaua.nl\/cmcc\/wp-content\/uploads\/2020\/07\/2E620F0C-4B18-4DAD-9E03-CE1D85219D56-scaled.jpg\" alt=\"Processed with VSCO with c1 preset\" \/><\/figure><\/div><div class=\"swiper-slide\" role=\"group\" aria-roledescription=\"slide\" aria-label=\"4 van 7\"><figure class=\"swiper-slide-inner\"><img decoding=\"async\" class=\"swiper-slide-image\" src=\"https:\/\/laleaua.nl\/cmcc\/wp-content\/uploads\/2020\/07\/15D8785F-1EF7-4683-8AB2-8B1D46864EA1-scaled.jpg\" alt=\"Processed with VSCO with f2 preset\" \/><\/figure><\/div><div class=\"swiper-slide\" role=\"group\" aria-roledescription=\"slide\" aria-label=\"5 van 7\"><figure class=\"swiper-slide-inner\"><img decoding=\"async\" class=\"swiper-slide-image\" src=\"https:\/\/laleaua.nl\/cmcc\/wp-content\/uploads\/2020\/07\/E583453E-A138-4A76-A06E-53BAEC9FA22E-scaled.jpg\" alt=\"Processed with VSCO with f2 preset\" \/><\/figure><\/div><div class=\"swiper-slide\" role=\"group\" aria-roledescription=\"slide\" aria-label=\"6 van 7\"><figure class=\"swiper-slide-inner\"><img decoding=\"async\" class=\"swiper-slide-image\" src=\"https:\/\/laleaua.nl\/cmcc\/wp-content\/uploads\/2020\/09\/78BC8180-8D13-41BE-9C41-407F540C0C6F-scaled.jpg\" alt=\"Processed with VSCO with c1 preset\" \/><\/figure><\/div><div class=\"swiper-slide\" role=\"group\" aria-roledescription=\"slide\" aria-label=\"7 van 7\"><figure class=\"swiper-slide-inner\"><img decoding=\"async\" class=\"swiper-slide-image\" src=\"https:\/\/laleaua.nl\/cmcc\/wp-content\/uploads\/2020\/07\/75FA74D6-CE5F-4523-8B71-08588CC71A73-scaled.jpg\" alt=\"Processed with VSCO with f2 preset\" \/><\/figure><\/div>\t\t\t<\/div>\n\t\t\t\t\t\t\t\t\t\t\t\t<div class=\"elementor-swiper-button elementor-swiper-button-prev\" role=\"button\" tabindex=\"0\">\n\t\t\t\t\t\t<i aria-hidden=\"true\" class=\"eicon-chevron-left\"><\/i>\t\t\t\t\t<\/div>\n\t\t\t\t\t<div class=\"elementor-swiper-button elementor-swiper-button-next\" role=\"button\" tabindex=\"0\">\n\t\t\t\t\t\t<i aria-hidden=\"true\" class=\"eicon-chevron-right\"><\/i>\t\t\t\t\t<\/div>\n\t\t\t\t\n\t\t\t\t\t\t\t\t\t<div class=\"swiper-pagination\"><\/div>\n\t\t\t\t\t\t\t\t\t<\/div>\n\t\t\t\t\t\t<\/div>\n\t\t\t\t<\/div>\n\t\t\t\t\t<\/div>\n\t\t<\/div>\n\t\t\t\t\t<\/div>\n\t\t<\/section>\n\t\t\t\t<section class=\"elementor-section elementor-top-section elementor-element elementor-element-38a5c4a elementor-section-boxed elementor-section-height-default elementor-section-height-default\" data-id=\"38a5c4a\" data-element_type=\"section\" data-e-type=\"section\">\n\t\t\t\t\t\t<div class=\"elementor-container elementor-column-gap-default\">\n\t\t\t\t\t<div class=\"elementor-column elementor-col-50 elementor-top-column elementor-element elementor-element-dc89938\" data-id=\"dc89938\" data-element_type=\"column\" data-e-type=\"column\">\n\t\t\t<div class=\"elementor-widget-wrap\">\n\t\t\t\t\t\t\t<\/div>\n\t\t<\/div>\n\t\t\t\t<div class=\"elementor-column elementor-col-50 elementor-top-column elementor-element elementor-element-f7f5bbb\" data-id=\"f7f5bbb\" data-element_type=\"column\" data-e-type=\"column\">\n\t\t\t<div class=\"elementor-widget-wrap elementor-element-populated\">\n\t\t\t\t\t\t<div class=\"elementor-element elementor-element-fac5ec8 elementor-widget elementor-widget-heading\" data-id=\"fac5ec8\" data-element_type=\"widget\" data-e-type=\"widget\" data-widget_type=\"heading.default\">\n\t\t\t\t<div class=\"elementor-widget-container\">\n\t\t\t\t\t<h2 class=\"elementor-heading-title elementor-size-default\">Doel<\/h2>\t\t\t\t<\/div>\n\t\t\t\t<\/div>\n\t\t\t\t\t<\/div>\n\t\t<\/div>\n\t\t\t\t\t<\/div>\n\t\t<\/section>\n\t\t\t\t<section class=\"elementor-section elementor-top-section elementor-element elementor-element-22872ba elementor-section-boxed elementor-section-height-default elementor-section-height-default\" data-id=\"22872ba\" data-element_type=\"section\" data-e-type=\"section\">\n\t\t\t\t\t\t<div class=\"elementor-container elementor-column-gap-default\">\n\t\t\t\t\t<div class=\"elementor-column elementor-col-50 elementor-top-column elementor-element elementor-element-954a91c\" data-id=\"954a91c\" data-element_type=\"column\" data-e-type=\"column\">\n\t\t\t<div class=\"elementor-widget-wrap\">\n\t\t\t\t\t\t\t<\/div>\n\t\t<\/div>\n\t\t\t\t<div class=\"elementor-column elementor-col-50 elementor-top-column elementor-element elementor-element-4486a35\" data-id=\"4486a35\" data-element_type=\"column\" data-e-type=\"column\">\n\t\t\t<div class=\"elementor-widget-wrap elementor-element-populated\">\n\t\t\t\t\t\t<div class=\"elementor-element elementor-element-4c05bde elementor-widget elementor-widget-text-editor\" data-id=\"4c05bde\" data-element_type=\"widget\" data-e-type=\"widget\" data-widget_type=\"text-editor.default\">\n\t\t\t\t<div class=\"elementor-widget-container\">\n\t\t\t\t\t\t\t\t\t<p>Het doel van de Meidenclub is het overdragen van informatie en kennis, zodat meiden meer inzicht krijgen in hun eigen dagelijks leven. Daarnaast begeleiden we de meiden in het zoeken naar en leren kennen van God, zodat Hij uiteindelijk Degene zal zijn Die hun keuzes be\u00efnvloedt.\u00a0<\/p>\t\t\t\t\t\t\t\t<\/div>\n\t\t\t\t<\/div>\n\t\t\t\t\t<\/div>\n\t\t<\/div>\n\t\t\t\t\t<\/div>\n\t\t<\/section>\n\t\t\t\t<section class=\"elementor-section elementor-top-section elementor-element elementor-element-7fb542a elementor-section-boxed elementor-section-height-default elementor-section-height-default\" data-id=\"7fb542a\" data-element_type=\"section\" data-e-type=\"section\">\n\t\t\t\t\t\t<div class=\"elementor-container elementor-column-gap-default\">\n\t\t\t\t\t<div class=\"elementor-column elementor-col-50 elementor-top-column elementor-element elementor-element-63b9075\" data-id=\"63b9075\" data-element_type=\"column\" data-e-type=\"column\">\n\t\t\t<div class=\"elementor-widget-wrap elementor-element-populated\">\n\t\t\t\t\t\t<div class=\"elementor-element elementor-element-6354ed8 elementor-widget elementor-widget-heading\" data-id=\"6354ed8\" data-element_type=\"widget\" data-e-type=\"widget\" data-widget_type=\"heading.default\">\n\t\t\t\t<div class=\"elementor-widget-container\">\n\t\t\t\t\t<h2 class=\"elementor-heading-title elementor-size-default\">Ontstaan<\/h2>\t\t\t\t<\/div>\n\t\t\t\t<\/div>\n\t\t\t\t<div class=\"elementor-element elementor-element-26797c8 elementor-widget elementor-widget-text-editor\" data-id=\"26797c8\" data-element_type=\"widget\" data-e-type=\"widget\" data-widget_type=\"text-editor.default\">\n\t\t\t\t<div class=\"elementor-widget-container\">\n\t\t\t\t\t\t\t\t\t<p>In 2009 ontdekten we in de groep kinderen en tieners van het After School programma een gebrek aan kennis en zelfvertrouwen, in het bijzonder bij tienermeiden. Thuis wordt er weinig gesproken over de problemen waar de meiden mee geconfronteerd worden en mee worstelen. &nbsp;We startten toen met een kleine groep meiden en van daaruit ontwikkelden we een methode voor de Meidenclub.&nbsp;<\/p>\n<p>Door de jaren heen organiseerden we soms twee of drie Meidenclubs in hetzelfde seizoen, groepen oplopend tot 14-16 meiden. Het is werk van de lange adem, want de meiden &nbsp;zijn vaak nog erg be\u00efnvloedbaar door de omgeving waarin ze opgroeien. Nog steeds trouwen de meiden bijna allemaal v\u00f3\u00f3r hun 16<sup>e&nbsp;<\/sup>en belanden in een ongezonde relatie. Het is moeilijk voor hen om een gezin te runnen, waardoor ook de kinderen van deze meiden een onzekere toekomst te wachten staat. We hopen en bidden dat deze vicieuze cirkel, onder de leiding van Gods hulp, ooit doorbroken zal worden.&nbsp;<\/p>\t\t\t\t\t\t\t\t<\/div>\n\t\t\t\t<\/div>\n\t\t\t\t\t<\/div>\n\t\t<\/div>\n\t\t\t\t<div class=\"elementor-column elementor-col-50 elementor-top-column elementor-element elementor-element-0d2d92e\" data-id=\"0d2d92e\" data-element_type=\"column\" data-e-type=\"column\">\n\t\t\t<div class=\"elementor-widget-wrap\">\n\t\t\t\t\t\t\t<\/div>\n\t\t<\/div>\n\t\t\t\t\t<\/div>\n\t\t<\/section>\n\t\t\t\t<section class=\"elementor-section elementor-top-section elementor-element elementor-element-d87fa72 elementor-section-boxed elementor-section-height-default elementor-section-height-default\" data-id=\"d87fa72\" data-element_type=\"section\" data-e-type=\"section\">\n\t\t\t\t\t\t<div class=\"elementor-container elementor-column-gap-default\">\n\t\t\t\t\t<div class=\"elementor-column elementor-col-50 elementor-top-column elementor-element elementor-element-86bc71e\" data-id=\"86bc71e\" data-element_type=\"column\" data-e-type=\"column\">\n\t\t\t<div class=\"elementor-widget-wrap\">\n\t\t\t\t\t\t\t<\/div>\n\t\t<\/div>\n\t\t\t\t<div class=\"elementor-column elementor-col-50 elementor-top-column elementor-element elementor-element-0a6f7b1\" data-id=\"0a6f7b1\" data-element_type=\"column\" data-e-type=\"column\">\n\t\t\t<div class=\"elementor-widget-wrap elementor-element-populated\">\n\t\t\t\t\t\t<div class=\"elementor-element elementor-element-3686fc5 elementor-widget elementor-widget-heading\" data-id=\"3686fc5\" data-element_type=\"widget\" data-e-type=\"widget\" data-widget_type=\"heading.default\">\n\t\t\t\t<div class=\"elementor-widget-container\">\n\t\t\t\t\t<h2 class=\"elementor-heading-title elementor-size-default\">Hoe ziet het programma eruit?<\/h2>\t\t\t\t<\/div>\n\t\t\t\t<\/div>\n\t\t\t\t<div class=\"elementor-element elementor-element-0efd61a elementor-widget elementor-widget-text-editor\" data-id=\"0efd61a\" data-element_type=\"widget\" data-e-type=\"widget\" data-widget_type=\"text-editor.default\">\n\t\t\t\t<div class=\"elementor-widget-container\">\n\t\t\t\t\t\t\t\t\t<p>We halen de meiden persoonlijk thuis op, anders laten hun moeders de meiden niet zomaar gaan. We kletsen bij aankomst en ontdekken hoe het met iedereen gaat, onder het genot van een warme kop thee (in de winter). We starten met een moment van gebed, zingen liedjes en leren een bijbelvers aan. Dan volgt de les, afgewisseld met een spelletje of schrijfopdracht ter verduidelijking van het te bespreken onderwerp. De lessen gaan onder andere over relaties, emoties, fysieke en mentale elementen van de puberteit, menstruatie en seksualiteit. Alle lessen geven we in het licht van de Bijbel en het feit dat wij geschapen zijn om tot Gods eer te leven. Nadien kleuren en kletsen we. Soms doen we nog een stoelendans of ander vermakelijk spelletje. We brengen de meiden weer naar huis en hopen dat ze de volgende keer weer komen.<strong>\u00a0<\/strong><\/p>\t\t\t\t\t\t\t\t<\/div>\n\t\t\t\t<\/div>\n\t\t\t\t<div class=\"elementor-element elementor-element-78c1e84 elementor-widget elementor-widget-spacer\" data-id=\"78c1e84\" data-element_type=\"widget\" data-e-type=\"widget\" data-widget_type=\"spacer.default\">\n\t\t\t\t<div class=\"elementor-widget-container\">\n\t\t\t\t\t\t\t<div class=\"elementor-spacer\">\n\t\t\t<div class=\"elementor-spacer-inner\"><\/div>\n\t\t<\/div>\n\t\t\t\t\t\t<\/div>\n\t\t\t\t<\/div>\n\t\t\t\t\t<\/div>\n\t\t<\/div>\n\t\t\t\t\t<\/div>\n\t\t<\/section>\n\t\t\t\t<section class=\"elementor-section elementor-top-section elementor-element elementor-element-4e16f93 elementor-section-boxed elementor-section-height-default elementor-section-height-default\" data-id=\"4e16f93\" data-element_type=\"section\" data-e-type=\"section\">\n\t\t\t\t\t\t<div class=\"elementor-container elementor-column-gap-default\">\n\t\t\t\t\t<div class=\"elementor-column elementor-col-50 elementor-top-column elementor-element elementor-element-9a083c8\" data-id=\"9a083c8\" data-element_type=\"column\" data-e-type=\"column\">\n\t\t\t<div class=\"elementor-widget-wrap elementor-element-populated\">\n\t\t\t\t\t\t<div class=\"elementor-element elementor-element-34cbf74 elementor-widget elementor-widget-heading\" data-id=\"34cbf74\" data-element_type=\"widget\" data-e-type=\"widget\" data-widget_type=\"heading.default\">\n\t\t\t\t<div class=\"elementor-widget-container\">\n\t\t\t\t\t<h2 class=\"elementor-heading-title elementor-size-default\">Heeft het wel zin?<\/h2>\t\t\t\t<\/div>\n\t\t\t\t<\/div>\n\t\t\t\t<div class=\"elementor-element elementor-element-97090bf elementor-widget elementor-widget-text-editor\" data-id=\"97090bf\" data-element_type=\"widget\" data-e-type=\"widget\" data-widget_type=\"text-editor.default\">\n\t\t\t\t<div class=\"elementor-widget-container\">\n\t\t\t\t\t\t\t\t\t<p>Heeft de Meidenclub wel zin? Dit vragen wij ons regelmatig af. Trouwen meiden nog steeds v\u00f3\u00f3r hun 18e? Helaas wel. Maken ze altijd de goede keus voor een passende man? Nee, vaak niet. Komen de jonge moeders niet meer terecht in situaties van mishandeling en onrecht? Regelmatig nog wel. Zijn de moeders in staat financieel onafhankelijk te zijn? Bijna nooit.<\/p><p>Maar wat is dan w\u00e9l het effect van meer dan tien jaar Meidenclub? We geven veel aandacht aan kennisoverdracht over feitelijke zaken, zoals anatomie en oorzaak\/gevolg in relaties. Daarnaast krijgen we van de jonge moeder-generaties veelbelovende geluiden. Een jonge moeder vertelde dat ze zo\u2019n spijt had van keuzes die ze als 15-jarig meisje maakte en er nu alles aan doet om haar dochter hiervoor te behoeden. &#8220;Jullie hadden toch gelijk&#8221;, is een veel gehoorde uitspraak uit de groep meiden die ooit deel uitmaakten van de Meidenclub. We kijken \u00f3ver de generaties heen en hopen dat we de meiden op een goede en constructieve manier be\u00efnvloeden. We doen wat we kunnen. We zaaien, en daarna geven we het over aan onze Hemelse Vader.<\/p>\t\t\t\t\t\t\t\t<\/div>\n\t\t\t\t<\/div>\n\t\t\t\t\t<\/div>\n\t\t<\/div>\n\t\t\t\t<div class=\"elementor-column elementor-col-50 elementor-top-column elementor-element elementor-element-6814ad1\" data-id=\"6814ad1\" data-element_type=\"column\" data-e-type=\"column\">\n\t\t\t<div class=\"elementor-widget-wrap elementor-element-populated\">\n\t\t\t\t\t\t<div class=\"elementor-element elementor-element-f96769f elementor-widget elementor-widget-spacer\" data-id=\"f96769f\" data-element_type=\"widget\" data-e-type=\"widget\" data-widget_type=\"spacer.default\">\n\t\t\t\t<div class=\"elementor-widget-container\">\n\t\t\t\t\t\t\t<div class=\"elementor-spacer\">\n\t\t\t<div class=\"elementor-spacer-inner\"><\/div>\n\t\t<\/div>\n\t\t\t\t\t\t<\/div>\n\t\t\t\t<\/div>\n\t\t\t\t<div class=\"elementor-element elementor-element-4ff1c07 elementor-widget elementor-widget-image\" data-id=\"4ff1c07\" data-element_type=\"widget\" data-e-type=\"widget\" data-widget_type=\"image.default\">\n\t\t\t\t<div class=\"elementor-widget-container\">\n\t\t\t\t\t\t\t\t\t\t\t\t\t\t\t<img decoding=\"async\" width=\"1024\" height=\"1024\" src=\"https:\/\/laleaua.nl\/cmcc\/wp-content\/uploads\/2020\/06\/Bloemen-tuin-03-1024x1024.png\" class=\"attachment-large size-large wp-image-1523\" alt=\"\" srcset=\"https:\/\/laleaua.nl\/cmcc\/wp-content\/uploads\/2020\/06\/Bloemen-tuin-03-1024x1024.png 1024w, https:\/\/laleaua.nl\/cmcc\/wp-content\/uploads\/2020\/06\/Bloemen-tuin-03-300x300.png 300w, https:\/\/laleaua.nl\/cmcc\/wp-content\/uploads\/2020\/06\/Bloemen-tuin-03-150x150.png 150w, https:\/\/laleaua.nl\/cmcc\/wp-content\/uploads\/2020\/06\/Bloemen-tuin-03-768x768.png 768w, https:\/\/laleaua.nl\/cmcc\/wp-content\/uploads\/2020\/06\/Bloemen-tuin-03-1536x1536.png 1536w, https:\/\/laleaua.nl\/cmcc\/wp-content\/uploads\/2020\/06\/Bloemen-tuin-03-600x600.png 600w, https:\/\/laleaua.nl\/cmcc\/wp-content\/uploads\/2020\/06\/Bloemen-tuin-03-100x100.png 100w, https:\/\/laleaua.nl\/cmcc\/wp-content\/uploads\/2020\/06\/Bloemen-tuin-03.png 1773w\" sizes=\"(max-width: 1024px) 100vw, 1024px\" \/>\t\t\t\t\t\t\t\t\t\t\t\t\t\t\t<\/div>\n\t\t\t\t<\/div>\n\t\t\t\t\t<\/div>\n\t\t<\/div>\n\t\t\t\t\t<\/div>\n\t\t<\/section>\n\t\t\t\t<\/div>\n\t\t","protected":false},"excerpt":{"rendered":"<p>De Meidenclub is de plek voor meiden waarin we praten over hun dagelijks leven\u00a0en daar aan de hand van de Bijbel inzicht en informatie over geven.\u00a0We spelen spelletjes, kleuren, geven onderwijs en kletsen met elkaar.\u00a0 Doel Het doel van de Meidenclub is het overdragen van informatie en kennis, zodat meiden meer inzicht krijgen in hun [&hellip;]<\/p>\n","protected":false},"author":2,"featured_media":0,"parent":0,"menu_order":0,"comment_status":"closed","ping_status":"closed","template":"elementor_header_footer","meta":{"footnotes":""},"class_list":["post-743","page","type-page","status-publish","hentry"],"_links":{"self":[{"href":"https:\/\/laleaua.nl\/cmcc\/wp-json\/wp\/v2\/pages\/743","targetHints":{"allow":["GET"]}}],"collection":[{"href":"https:\/\/laleaua.nl\/cmcc\/wp-json\/wp\/v2\/pages"}],"about":[{"href":"https:\/\/laleaua.nl\/cmcc\/wp-json\/wp\/v2\/types\/page"}],"author":[{"embeddable":true,"href":"https:\/\/laleaua.nl\/cmcc\/wp-json\/wp\/v2\/users\/2"}],"replies":[{"embeddable":true,"href":"https:\/\/laleaua.nl\/cmcc\/wp-json\/wp\/v2\/comments?post=743"}],"version-history":[{"count":84,"href":"https:\/\/laleaua.nl\/cmcc\/wp-json\/wp\/v2\/pages\/743\/revisions"}],"predecessor-version":[{"id":2930,"href":"https:\/\/laleaua.nl\/cmcc\/wp-json\/wp\/v2\/pages\/743\/revisions\/2930"}],"wp:attachment":[{"href":"https:\/\/laleaua.nl\/cmcc\/wp-json\/wp\/v2\/media?parent=743"}],"curies":[{"name":"wp","href":"https:\/\/api.w.org\/{rel}","templated":true}]}}