	{"id":719,"date":"2020-03-26T14:19:57","date_gmt":"2020-03-26T14:19:57","guid":{"rendered":"http:\/\/laleaua.nl\/cmcc\/?page_id=719"},"modified":"2023-03-28T18:45:10","modified_gmt":"2023-03-28T16:45:10","slug":"de-kleuterschool","status":"publish","type":"page","link":"https:\/\/laleaua.nl\/cmcce\/de-kleuterschool\/","title":{"rendered":"Preschool"},"content":{"rendered":"\t\t<div data-elementor-type=\"wp-page\" data-elementor-id=\"719\" class=\"elementor elementor-719\">\n\t\t\t\t\t\t<section class=\"elementor-section elementor-top-section elementor-element elementor-element-73d1a3d elementor-section-boxed elementor-section-height-default elementor-section-height-default\" data-id=\"73d1a3d\" data-element_type=\"section\">\n\t\t\t\t\t\t<div class=\"elementor-container elementor-column-gap-default\">\n\t\t\t\t\t<div class=\"elementor-column elementor-col-100 elementor-top-column elementor-element elementor-element-104255e\" data-id=\"104255e\" data-element_type=\"column\">\n\t\t\t<div class=\"elementor-widget-wrap elementor-element-populated\">\n\t\t\t\t\t\t<div class=\"elementor-element elementor-element-8b9d770 elementor-widget elementor-widget-heading\" data-id=\"8b9d770\" data-element_type=\"widget\" data-widget_type=\"heading.default\">\n\t\t\t\t<div class=\"elementor-widget-container\">\n\t\t\t\t\t<h2 class=\"elementor-heading-title elementor-size-default\">Preschool<\/h2>\t\t\t\t<\/div>\n\t\t\t\t<\/div>\n\t\t\t\t<div class=\"elementor-element elementor-element-896e959 elementor-widget elementor-widget-text-editor\" data-id=\"896e959\" data-element_type=\"widget\" data-widget_type=\"text-editor.default\">\n\t\t\t\t<div class=\"elementor-widget-container\">\n\t\t\t\t\t\t\t\t\t<p class=\"p1\"><span class=\"s1\">Preschool teaches young Roma children the basics of discovering life and learning by playing.<br \/><\/span><span class=\"s1\">In preschool we establish a meaningful relation with the children.<br \/><\/span><span class=\"s1\">It is our wish the children will join the other programs Laleaua Ministry offers.<\/span><\/p>\t\t\t\t\t\t\t\t<\/div>\n\t\t\t\t<\/div>\n\t\t\t\t\t<\/div>\n\t\t<\/div>\n\t\t\t\t\t<\/div>\n\t\t<\/section>\n\t\t\t\t<section class=\"elementor-section elementor-top-section elementor-element elementor-element-0b27587 elementor-section-stretched elementor-section-full_width elementor-section-height-default elementor-section-height-default\" data-id=\"0b27587\" data-element_type=\"section\" data-settings=\"{&quot;stretch_section&quot;:&quot;section-stretched&quot;}\">\n\t\t\t\t\t\t<div class=\"elementor-container elementor-column-gap-default\">\n\t\t\t\t\t<div class=\"elementor-column elementor-col-100 elementor-top-column elementor-element elementor-element-80eb8dc\" data-id=\"80eb8dc\" data-element_type=\"column\">\n\t\t\t<div class=\"elementor-widget-wrap elementor-element-populated\">\n\t\t\t\t\t\t<div class=\"elementor-element elementor-element-afe6c63 elementor-arrows-position-inside elementor-pagination-position-outside elementor-widget elementor-widget-image-carousel\" data-id=\"afe6c63\" data-element_type=\"widget\" data-settings=\"{&quot;slides_to_show&quot;:&quot;2&quot;,&quot;navigation&quot;:&quot;both&quot;,&quot;autoplay&quot;:&quot;yes&quot;,&quot;pause_on_hover&quot;:&quot;yes&quot;,&quot;pause_on_interaction&quot;:&quot;yes&quot;,&quot;autoplay_speed&quot;:5000,&quot;infinite&quot;:&quot;yes&quot;,&quot;speed&quot;:500}\" data-widget_type=\"image-carousel.default\">\n\t\t\t\t<div class=\"elementor-widget-container\">\n\t\t\t\t\t\t\t<div class=\"elementor-image-carousel-wrapper swiper\" role=\"region\" aria-roledescription=\"carousel\" aria-label=\"Afbeelding carrousel\" dir=\"ltr\">\n\t\t\t<div class=\"elementor-image-carousel swiper-wrapper\" aria-live=\"off\">\n\t\t\t\t\t\t\t\t<div class=\"swiper-slide\" role=\"group\" aria-roledescription=\"slide\" aria-label=\"1 van 4\"><figure class=\"swiper-slide-inner\"><img decoding=\"async\" class=\"swiper-slide-image\" src=\"https:\/\/laleaua.nl\/cmcce\/wp-content\/uploads\/2020\/03\/Kleuterschool-2.jpeg\" alt=\"Kleuterschool 2\" \/><\/figure><\/div><div class=\"swiper-slide\" role=\"group\" aria-roledescription=\"slide\" aria-label=\"2 van 4\"><figure class=\"swiper-slide-inner\"><img decoding=\"async\" class=\"swiper-slide-image\" src=\"https:\/\/laleaua.nl\/cmcce\/wp-content\/uploads\/2020\/03\/photo30.jpg\" alt=\"Processed with VSCO with c1 preset\" \/><\/figure><\/div><div class=\"swiper-slide\" role=\"group\" aria-roledescription=\"slide\" aria-label=\"3 van 4\"><figure class=\"swiper-slide-inner\"><img decoding=\"async\" class=\"swiper-slide-image\" src=\"https:\/\/laleaua.nl\/cmcce\/wp-content\/uploads\/2020\/05\/IMG_0043.jpg\" alt=\"Processed with VSCO with c1 preset\" \/><\/figure><\/div><div class=\"swiper-slide\" role=\"group\" aria-roledescription=\"slide\" aria-label=\"4 van 4\"><figure class=\"swiper-slide-inner\"><img decoding=\"async\" class=\"swiper-slide-image\" src=\"https:\/\/laleaua.nl\/cmcce\/wp-content\/uploads\/2020\/03\/1-kopie.jpeg\" alt=\"1 kopie\" \/><\/figure><\/div>\t\t\t<\/div>\n\t\t\t\t\t\t\t\t\t\t\t\t<div class=\"elementor-swiper-button elementor-swiper-button-prev\" role=\"button\" tabindex=\"0\">\n\t\t\t\t\t\t<i aria-hidden=\"true\" class=\"eicon-chevron-left\"><\/i>\t\t\t\t\t<\/div>\n\t\t\t\t\t<div class=\"elementor-swiper-button elementor-swiper-button-next\" role=\"button\" tabindex=\"0\">\n\t\t\t\t\t\t<i aria-hidden=\"true\" class=\"eicon-chevron-right\"><\/i>\t\t\t\t\t<\/div>\n\t\t\t\t\n\t\t\t\t\t\t\t\t\t<div class=\"swiper-pagination\"><\/div>\n\t\t\t\t\t\t\t\t\t<\/div>\n\t\t\t\t\t\t<\/div>\n\t\t\t\t<\/div>\n\t\t\t\t\t<\/div>\n\t\t<\/div>\n\t\t\t\t\t<\/div>\n\t\t<\/section>\n\t\t\t\t<section class=\"elementor-section elementor-top-section elementor-element elementor-element-3cdcc8a elementor-section-boxed elementor-section-height-default elementor-section-height-default\" data-id=\"3cdcc8a\" data-element_type=\"section\">\n\t\t\t\t\t\t<div class=\"elementor-container elementor-column-gap-default\">\n\t\t\t\t\t<div class=\"elementor-column elementor-col-50 elementor-top-column elementor-element elementor-element-a56055e\" data-id=\"a56055e\" data-element_type=\"column\">\n\t\t\t<div class=\"elementor-widget-wrap\">\n\t\t\t\t\t\t\t<\/div>\n\t\t<\/div>\n\t\t\t\t<div class=\"elementor-column elementor-col-50 elementor-top-column elementor-element elementor-element-5657c2d\" data-id=\"5657c2d\" data-element_type=\"column\">\n\t\t\t<div class=\"elementor-widget-wrap elementor-element-populated\">\n\t\t\t\t\t\t<div class=\"elementor-element elementor-element-3c3fb18 elementor-widget elementor-widget-heading\" data-id=\"3c3fb18\" data-element_type=\"widget\" data-widget_type=\"heading.default\">\n\t\t\t\t<div class=\"elementor-widget-container\">\n\t\t\t\t\t<h2 class=\"elementor-heading-title elementor-size-default\">Our goal<\/h2>\t\t\t\t<\/div>\n\t\t\t\t<\/div>\n\t\t\t\t<div class=\"elementor-element elementor-element-3bdc2c1 elementor-widget elementor-widget-text-editor\" data-id=\"3bdc2c1\" data-element_type=\"widget\" data-widget_type=\"text-editor.default\">\n\t\t\t\t<div class=\"elementor-widget-container\">\n\t\t\t\t\t\t\t\t\t<p class=\"p1\"><span class=\"s1\">The goal of the preschool is to teach the disadvantaged Roma children of the Bozia\u015f district in T\u00e2rn\u0103veni the basic principles of life. The motto of the preschool is : <i>Living is learning<\/i>. Learning by playing in a warm and safe environment. A place where children are welcome and loved. During the first years of their lives many of these children are deprived of much and are often part of instable families. Compared to children from more stable families, they therefore miss a lot in their development. <\/span><\/p><p class=\"p1\"><span class=\"s1\">In preschool children learn to play and interact properly. They learn using the toilet, washing their hands and brushing their teeth. Sitting still and listening are also a big challenge for these children. The teachers have to have a lot of patience.<\/span><\/p><p class=\"p1\"><span class=\"s1\">We believe good education is of great value for solving the problems of disadvantaged children. Preschool is the first major step! In it a foundation laid for life.<\/span><\/p>\t\t\t\t\t\t\t\t<\/div>\n\t\t\t\t<\/div>\n\t\t\t\t\t<\/div>\n\t\t<\/div>\n\t\t\t\t\t<\/div>\n\t\t<\/section>\n\t\t\t\t<section class=\"elementor-section elementor-top-section elementor-element elementor-element-42af6ff elementor-section-boxed elementor-section-height-default elementor-section-height-default\" data-id=\"42af6ff\" data-element_type=\"section\">\n\t\t\t\t\t\t<div class=\"elementor-container elementor-column-gap-default\">\n\t\t\t\t\t<div class=\"elementor-column elementor-col-50 elementor-top-column elementor-element elementor-element-a52b7ae\" data-id=\"a52b7ae\" data-element_type=\"column\">\n\t\t\t<div class=\"elementor-widget-wrap elementor-element-populated\">\n\t\t\t\t\t\t<div class=\"elementor-element elementor-element-1cc36f6 elementor-widget elementor-widget-heading\" data-id=\"1cc36f6\" data-element_type=\"widget\" data-widget_type=\"heading.default\">\n\t\t\t\t<div class=\"elementor-widget-container\">\n\t\t\t\t\t<h2 class=\"elementor-heading-title elementor-size-default\">History <\/h2>\t\t\t\t<\/div>\n\t\t\t\t<\/div>\n\t\t\t\t<div class=\"elementor-element elementor-element-97611a3 elementor-widget elementor-widget-text-editor\" data-id=\"97611a3\" data-element_type=\"widget\" data-widget_type=\"text-editor.default\">\n\t\t\t\t<div class=\"elementor-widget-container\">\n\t\t\t\t\t\t\t\t\t<p class=\"p1\"><span class=\"s1\">In April 2002 Laleaua Ministry opened the doors of the preschool, which started with eight children. By using a van which picked up the children in their neighbourhood this number tripled. At the moment the preschool has been accredited, and annually 30 to 35 children are welcomed. The foundation started with one female teacher and a cook. Now the preschool employs four people: two teachers, a cook and a housekeeper.<\/span><\/p><p class=\"p1\"><span class=\"s1\">The preschool is the perfect means to establish a relationship with the Roma children. We hope the children will join other programs after they leave preschool.<\/span><\/p><p class=\"p1\"><span class=\"s1\">A survey by Oscar Lewis shows the first seven years of a child\u2019s life are crucial to be able to overcome poverty in its future life. Preschool is essential in achieving this.<\/span><\/p>\t\t\t\t\t\t\t\t<\/div>\n\t\t\t\t<\/div>\n\t\t\t\t\t<\/div>\n\t\t<\/div>\n\t\t\t\t<div class=\"elementor-column elementor-col-50 elementor-top-column elementor-element elementor-element-a4a01d2\" data-id=\"a4a01d2\" data-element_type=\"column\">\n\t\t\t<div class=\"elementor-widget-wrap\">\n\t\t\t\t\t\t\t<\/div>\n\t\t<\/div>\n\t\t\t\t\t<\/div>\n\t\t<\/section>\n\t\t\t\t<section class=\"elementor-section elementor-top-section elementor-element elementor-element-bdbec97 elementor-section-boxed elementor-section-height-default elementor-section-height-default\" data-id=\"bdbec97\" data-element_type=\"section\">\n\t\t\t\t\t\t<div class=\"elementor-container elementor-column-gap-default\">\n\t\t\t\t\t<div class=\"elementor-column elementor-col-50 elementor-top-column elementor-element elementor-element-64fa987\" data-id=\"64fa987\" data-element_type=\"column\">\n\t\t\t<div class=\"elementor-widget-wrap\">\n\t\t\t\t\t\t\t<\/div>\n\t\t<\/div>\n\t\t\t\t<div class=\"elementor-column elementor-col-50 elementor-top-column elementor-element elementor-element-5c98d91\" data-id=\"5c98d91\" data-element_type=\"column\">\n\t\t\t<div class=\"elementor-widget-wrap elementor-element-populated\">\n\t\t\t\t\t\t<div class=\"elementor-element elementor-element-1b45415 elementor-widget elementor-widget-heading\" data-id=\"1b45415\" data-element_type=\"widget\" data-widget_type=\"heading.default\">\n\t\t\t\t<div class=\"elementor-widget-container\">\n\t\t\t\t\t<h2 class=\"elementor-heading-title elementor-size-default\">What does the timetable look like?<\/h2>\t\t\t\t<\/div>\n\t\t\t\t<\/div>\n\t\t\t\t<div class=\"elementor-element elementor-element-b6770de elementor-widget elementor-widget-text-editor\" data-id=\"b6770de\" data-element_type=\"widget\" data-widget_type=\"text-editor.default\">\n\t\t\t\t<div class=\"elementor-widget-container\">\n\t\t\t\t\t\t\t\t\t<p class=\"p1\"><span class=\"s1\"><strong>7:30-8 am<\/strong>: picking up the children<br \/><\/span><span class=\"s1\"><strong>8-8.30 am:<\/strong> learning personal skills<br \/><\/span><span class=\"s1\"><strong>8.30-9 am:<\/strong> time to play\/first activity the children have chosen<br \/><\/span><span class=\"s1\"><strong>9-10 am:<\/strong> breakfasting together<br \/><\/span><span class=\"s1\"><strong>10-11 am:<\/strong> training various skills<br \/><\/span><span class=\"s1\"><strong>11-12 am:<\/strong> sports and time to play\/ second activity the children have chosen<br \/><\/span><span class=\"s1\"><strong>12-1.30 pm:<\/strong> taking the children home<\/span><\/p>\t\t\t\t\t\t\t\t<\/div>\n\t\t\t\t<\/div>\n\t\t\t\t\t<\/div>\n\t\t<\/div>\n\t\t\t\t\t<\/div>\n\t\t<\/section>\n\t\t\t\t<section class=\"elementor-section elementor-top-section elementor-element elementor-element-46fa061 elementor-section-boxed elementor-section-height-default elementor-section-height-default\" data-id=\"46fa061\" data-element_type=\"section\">\n\t\t\t\t\t\t<div class=\"elementor-container elementor-column-gap-default\">\n\t\t\t\t\t<div class=\"elementor-column elementor-col-50 elementor-top-column elementor-element elementor-element-38aba7e\" data-id=\"38aba7e\" data-element_type=\"column\">\n\t\t\t<div class=\"elementor-widget-wrap elementor-element-populated\">\n\t\t\t\t\t\t<div class=\"elementor-element elementor-element-1cbb550 elementor-widget elementor-widget-heading\" data-id=\"1cbb550\" data-element_type=\"widget\" data-widget_type=\"heading.default\">\n\t\t\t\t<div class=\"elementor-widget-container\">\n\t\t\t\t\t<h2 class=\"elementor-heading-title elementor-size-default\">Wish to know more?\n<\/h2>\t\t\t\t<\/div>\n\t\t\t\t<\/div>\n\t\t\t\t\t<\/div>\n\t\t<\/div>\n\t\t\t\t<div class=\"elementor-column elementor-col-50 elementor-top-column elementor-element elementor-element-66690f0\" data-id=\"66690f0\" data-element_type=\"column\">\n\t\t\t<div class=\"elementor-widget-wrap\">\n\t\t\t\t\t\t\t<\/div>\n\t\t<\/div>\n\t\t\t\t\t<\/div>\n\t\t<\/section>\n\t\t\t\t<section class=\"elementor-section elementor-top-section elementor-element elementor-element-1302a52 elementor-section-boxed elementor-section-height-default elementor-section-height-default\" data-id=\"1302a52\" data-element_type=\"section\">\n\t\t\t\t\t\t<div class=\"elementor-container elementor-column-gap-default\">\n\t\t\t\t\t<div class=\"elementor-column elementor-col-50 elementor-top-column elementor-element elementor-element-0c2eeb7\" data-id=\"0c2eeb7\" data-element_type=\"column\">\n\t\t\t<div class=\"elementor-widget-wrap elementor-element-populated\">\n\t\t\t\t\t\t<div class=\"elementor-element elementor-element-4fc368d elementor-widget elementor-widget-toggle\" data-id=\"4fc368d\" data-element_type=\"widget\" data-widget_type=\"toggle.default\">\n\t\t\t\t<div class=\"elementor-widget-container\">\n\t\t\t\t\t\t\t<div class=\"elementor-toggle\">\n\t\t\t\t\t\t\t<div class=\"elementor-toggle-item\">\n\t\t\t\t\t<div id=\"elementor-tab-title-8361\" class=\"elementor-tab-title\" data-tab=\"1\" role=\"button\" aria-controls=\"elementor-tab-content-8361\" aria-expanded=\"false\">\n\t\t\t\t\t\t\t\t\t\t\t\t<span class=\"elementor-toggle-icon elementor-toggle-icon-left\" aria-hidden=\"true\">\n\t\t\t\t\t\t\t\t\t\t\t\t\t\t\t<span class=\"elementor-toggle-icon-closed\"><i class=\"fas fa-caret-right\"><\/i><\/span>\n\t\t\t\t\t\t\t\t<span class=\"elementor-toggle-icon-opened\"><i class=\"elementor-toggle-icon-opened fas fa-caret-up\"><\/i><\/span>\n\t\t\t\t\t\t\t\t\t\t\t\t\t<\/span>\n\t\t\t\t\t\t\t\t\t\t\t\t<a class=\"elementor-toggle-title\" tabindex=\"0\">The fruit of preschool<\/a>\n\t\t\t\t\t<\/div>\n\n\t\t\t\t\t<div id=\"elementor-tab-content-8361\" class=\"elementor-tab-content elementor-clearfix\" data-tab=\"1\" role=\"region\" aria-labelledby=\"elementor-tab-title-8361\"><p class=\"p1\"><span class=\"s1\">Children who have finished preschool perform considerably better in elementary education. Here a clear difference with children who did not attend preschool can be found. On top of this, preschool pupils more frequently attend elementary education.<\/span><\/p><p class=\"p1\"><span class=\"s1\">Annually on average 30 to 35 children are registered. Not all children actually attend school, but fortunately most children attend regularly.<\/span><\/p><\/div>\n\t\t\t\t<\/div>\n\t\t\t\t\t\t\t<div class=\"elementor-toggle-item\">\n\t\t\t\t\t<div id=\"elementor-tab-title-8362\" class=\"elementor-tab-title\" data-tab=\"2\" role=\"button\" aria-controls=\"elementor-tab-content-8362\" aria-expanded=\"false\">\n\t\t\t\t\t\t\t\t\t\t\t\t<span class=\"elementor-toggle-icon elementor-toggle-icon-left\" aria-hidden=\"true\">\n\t\t\t\t\t\t\t\t\t\t\t\t\t\t\t<span class=\"elementor-toggle-icon-closed\"><i class=\"fas fa-caret-right\"><\/i><\/span>\n\t\t\t\t\t\t\t\t<span class=\"elementor-toggle-icon-opened\"><i class=\"elementor-toggle-icon-opened fas fa-caret-up\"><\/i><\/span>\n\t\t\t\t\t\t\t\t\t\t\t\t\t<\/span>\n\t\t\t\t\t\t\t\t\t\t\t\t<a class=\"elementor-toggle-title\" tabindex=\"0\">The importance of education<\/a>\n\t\t\t\t\t<\/div>\n\n\t\t\t\t\t<div id=\"elementor-tab-content-8362\" class=\"elementor-tab-content elementor-clearfix\" data-tab=\"2\" role=\"region\" aria-labelledby=\"elementor-tab-title-8362\"><p class=\"p1\"><span class=\"s1\">Children learn by the interaction between themselves and the environments they grow up in: parents and other family member, educators, and also their physical environments. Children from a low socioeconomic background often have a backlog in their development because of this.<\/span><\/p><p class=\"p1\"><span class=\"s1\">Improved living conditions of the Roma start with sound education for the children. Education gives access to full participation in society. No education means no chance to get a diploma, which often leads to illiteracy, independency and little security regarding income.<\/span><\/p><p class=\"p1\"><span class=\"s1\">If parents have not been educated themselves, they will not likely stimulate their children to go to school. Parents are not focussed on the future, but rather adjusted to daily survival.<span class=\"Apple-converted-space\">\u00a0 <\/span>Without concrete results, parents often stop the education of their children altogether. When these children become parents themselves, they do not have to offer their children much.<\/span><\/p><\/div>\n\t\t\t\t<\/div>\n\t\t\t\t\t\t\t\t<\/div>\n\t\t\t\t\t\t<\/div>\n\t\t\t\t<\/div>\n\t\t\t\t\t<\/div>\n\t\t<\/div>\n\t\t\t\t<div class=\"elementor-column elementor-col-50 elementor-top-column elementor-element elementor-element-e44a70e\" data-id=\"e44a70e\" data-element_type=\"column\">\n\t\t\t<div class=\"elementor-widget-wrap elementor-element-populated\">\n\t\t\t\t\t\t<div class=\"elementor-element elementor-element-0074440 elementor-widget elementor-widget-image\" data-id=\"0074440\" data-element_type=\"widget\" data-widget_type=\"image.default\">\n\t\t\t\t<div class=\"elementor-widget-container\">\n\t\t\t\t\t\t\t\t\t\t\t\t\t\t\t<img fetchpriority=\"high\" decoding=\"async\" width=\"1024\" height=\"1024\" src=\"https:\/\/laleaua.nl\/cmcce\/wp-content\/uploads\/2020\/09\/2-3-1024x1024.png\" class=\"attachment-large size-large wp-image-2127\" alt=\"\" srcset=\"https:\/\/laleaua.nl\/cmcce\/wp-content\/uploads\/2020\/09\/2-3-1024x1024.png 1024w, https:\/\/laleaua.nl\/cmcce\/wp-content\/uploads\/2020\/09\/2-3-300x300.png 300w, https:\/\/laleaua.nl\/cmcce\/wp-content\/uploads\/2020\/09\/2-3-150x150.png 150w, https:\/\/laleaua.nl\/cmcce\/wp-content\/uploads\/2020\/09\/2-3-768x768.png 768w, https:\/\/laleaua.nl\/cmcce\/wp-content\/uploads\/2020\/09\/2-3-600x600.png 600w, https:\/\/laleaua.nl\/cmcce\/wp-content\/uploads\/2020\/09\/2-3-100x100.png 100w, https:\/\/laleaua.nl\/cmcce\/wp-content\/uploads\/2020\/09\/2-3.png 1080w\" sizes=\"(max-width: 1024px) 100vw, 1024px\" \/>\t\t\t\t\t\t\t\t\t\t\t\t\t\t\t<\/div>\n\t\t\t\t<\/div>\n\t\t\t\t\t<\/div>\n\t\t<\/div>\n\t\t\t\t\t<\/div>\n\t\t<\/section>\n\t\t\t\t<\/div>\n\t\t","protected":false},"excerpt":{"rendered":"<p>Preschool Preschool teaches young Roma children the basics of discovering life and learning by playing.In preschool we establish a meaningful relation with the children.It is our wish the children will join the other programs Laleaua Ministry offers. Vorige Volgende Our goal The goal of the preschool is to teach the disadvantaged Roma children of the [&hellip;]<\/p>\n","protected":false},"author":2,"featured_media":0,"parent":0,"menu_order":0,"comment_status":"closed","ping_status":"closed","template":"elementor_header_footer","meta":{"footnotes":""},"class_list":["post-719","page","type-page","status-publish","hentry"],"_links":{"self":[{"href":"https:\/\/laleaua.nl\/cmcce\/wp-json\/wp\/v2\/pages\/719"}],"collection":[{"href":"https:\/\/laleaua.nl\/cmcce\/wp-json\/wp\/v2\/pages"}],"about":[{"href":"https:\/\/laleaua.nl\/cmcce\/wp-json\/wp\/v2\/types\/page"}],"author":[{"embeddable":true,"href":"https:\/\/laleaua.nl\/cmcce\/wp-json\/wp\/v2\/users\/2"}],"replies":[{"embeddable":true,"href":"https:\/\/laleaua.nl\/cmcce\/wp-json\/wp\/v2\/comments?post=719"}],"version-history":[{"count":78,"href":"https:\/\/laleaua.nl\/cmcce\/wp-json\/wp\/v2\/pages\/719\/revisions"}],"predecessor-version":[{"id":3057,"href":"https:\/\/laleaua.nl\/cmcce\/wp-json\/wp\/v2\/pages\/719\/revisions\/3057"}],"wp:attachment":[{"href":"https:\/\/laleaua.nl\/cmcce\/wp-json\/wp\/v2\/media?parent=719"}],"curies":[{"name":"wp","href":"https:\/\/api.w.org\/{rel}","templated":true}]}}