	{"id":1651,"date":"2020-07-09T10:05:21","date_gmt":"2020-07-09T08:05:21","guid":{"rendered":"https:\/\/laleaua.nl\/cmcc\/?page_id=1651"},"modified":"2026-04-23T13:18:25","modified_gmt":"2026-04-23T11:18:25","slug":"sociale-assistentie","status":"publish","type":"page","link":"https:\/\/laleaua.nl\/cmccr\/sociale-assistentie\/","title":{"rendered":"Asisten\u021ba Socio-uman\u0103"},"content":{"rendered":"\t\t<div data-elementor-type=\"wp-page\" data-elementor-id=\"1651\" class=\"elementor elementor-1651\">\n\t\t\t\t\t\t<section class=\"elementor-section elementor-top-section elementor-element elementor-element-c1fabf2 elementor-section-boxed elementor-section-height-default elementor-section-height-default\" data-id=\"c1fabf2\" data-element_type=\"section\" data-e-type=\"section\">\n\t\t\t\t\t\t<div class=\"elementor-container elementor-column-gap-default\">\n\t\t\t\t\t<div class=\"elementor-column elementor-col-100 elementor-top-column elementor-element elementor-element-6ae3a9d\" data-id=\"6ae3a9d\" data-element_type=\"column\" data-e-type=\"column\">\n\t\t\t<div class=\"elementor-widget-wrap elementor-element-populated\">\n\t\t\t\t\t\t<div class=\"elementor-element elementor-element-4e03703 elementor-widget elementor-widget-heading\" data-id=\"4e03703\" data-element_type=\"widget\" data-e-type=\"widget\" data-widget_type=\"heading.default\">\n\t\t\t\t<div class=\"elementor-widget-container\">\n\t\t\t\t\t<h2 class=\"elementor-heading-title elementor-size-default\">Asisten\u021ba social\u0103- uman\u0103<\/h2>\t\t\t\t<\/div>\n\t\t\t\t<\/div>\n\t\t\t\t\t<\/div>\n\t\t<\/div>\n\t\t\t\t\t<\/div>\n\t\t<\/section>\n\t\t\t\t<section class=\"elementor-section elementor-top-section elementor-element elementor-element-b19c2d4 elementor-section-boxed elementor-section-height-default elementor-section-height-default\" data-id=\"b19c2d4\" data-element_type=\"section\" data-e-type=\"section\">\n\t\t\t\t\t\t<div class=\"elementor-container elementor-column-gap-default\">\n\t\t\t\t\t<div class=\"elementor-column elementor-col-100 elementor-top-column elementor-element elementor-element-987bcc2\" data-id=\"987bcc2\" data-element_type=\"column\" data-e-type=\"column\">\n\t\t\t<div class=\"elementor-widget-wrap elementor-element-populated\">\n\t\t\t\t\t\t<div class=\"elementor-element elementor-element-ade4025 elementor-widget elementor-widget-text-editor\" data-id=\"ade4025\" data-element_type=\"widget\" data-e-type=\"widget\" data-widget_type=\"text-editor.default\">\n\t\t\t\t<div class=\"elementor-widget-container\">\n\t\t\t\t\t\t\t\t\t<p>Asisten\u021ba social\u0103- uman\u0103 ofer\u0103 ajutor practic \u0219i social, familiilor sau persoanelor pentru a-\u0219i \u00eembun\u0103t\u0103\u021bi situa\u021bia.<\/p>\t\t\t\t\t\t\t\t<\/div>\n\t\t\t\t<\/div>\n\t\t\t\t\t<\/div>\n\t\t<\/div>\n\t\t\t\t\t<\/div>\n\t\t<\/section>\n\t\t\t\t<section class=\"elementor-section elementor-top-section elementor-element elementor-element-683619b elementor-section-boxed elementor-section-height-default elementor-section-height-default\" data-id=\"683619b\" data-element_type=\"section\" data-e-type=\"section\">\n\t\t\t\t\t\t<div class=\"elementor-container elementor-column-gap-default\">\n\t\t\t\t\t<div class=\"elementor-column elementor-col-100 elementor-top-column elementor-element elementor-element-2640487\" data-id=\"2640487\" data-element_type=\"column\" data-e-type=\"column\">\n\t\t\t<div class=\"elementor-widget-wrap elementor-element-populated\">\n\t\t\t\t\t\t<div class=\"elementor-element elementor-element-e5ccbf1 elementor-widget elementor-widget-image\" data-id=\"e5ccbf1\" data-element_type=\"widget\" data-e-type=\"widget\" data-widget_type=\"image.default\">\n\t\t\t\t<div class=\"elementor-widget-container\">\n\t\t\t\t\t\t\t\t\t\t\t\t\t\t\t<img fetchpriority=\"high\" decoding=\"async\" width=\"768\" height=\"1024\" src=\"https:\/\/laleaua.nl\/cmccr\/wp-content\/uploads\/2020\/10\/IMG_87AF1AA2FD7B-1-768x1024.jpeg\" class=\"attachment-medium_large size-medium_large wp-image-2163\" alt=\"\" srcset=\"https:\/\/laleaua.nl\/cmccr\/wp-content\/uploads\/2020\/10\/IMG_87AF1AA2FD7B-1-768x1024.jpeg 768w, https:\/\/laleaua.nl\/cmccr\/wp-content\/uploads\/2020\/10\/IMG_87AF1AA2FD7B-1-225x300.jpeg 225w, https:\/\/laleaua.nl\/cmccr\/wp-content\/uploads\/2020\/10\/IMG_87AF1AA2FD7B-1-1152x1536.jpeg 1152w, https:\/\/laleaua.nl\/cmccr\/wp-content\/uploads\/2020\/10\/IMG_87AF1AA2FD7B-1-1536x2048.jpeg 1536w, https:\/\/laleaua.nl\/cmccr\/wp-content\/uploads\/2020\/10\/IMG_87AF1AA2FD7B-1-600x800.jpeg 600w, https:\/\/laleaua.nl\/cmccr\/wp-content\/uploads\/2020\/10\/IMG_87AF1AA2FD7B-1-scaled.jpeg 1920w\" sizes=\"(max-width: 768px) 100vw, 768px\" \/>\t\t\t\t\t\t\t\t\t\t\t\t\t\t\t<\/div>\n\t\t\t\t<\/div>\n\t\t\t\t\t<\/div>\n\t\t<\/div>\n\t\t\t\t\t<\/div>\n\t\t<\/section>\n\t\t\t\t<section class=\"elementor-section elementor-top-section elementor-element elementor-element-875f653 elementor-section-boxed elementor-section-height-default elementor-section-height-default\" data-id=\"875f653\" data-element_type=\"section\" data-e-type=\"section\">\n\t\t\t\t\t\t<div class=\"elementor-container elementor-column-gap-default\">\n\t\t\t\t\t<div class=\"elementor-column elementor-col-50 elementor-top-column elementor-element elementor-element-605c644\" data-id=\"605c644\" data-element_type=\"column\" data-e-type=\"column\">\n\t\t\t<div class=\"elementor-widget-wrap elementor-element-populated\">\n\t\t\t\t\t\t<div class=\"elementor-element elementor-element-4c246b8 elementor-widget elementor-widget-heading\" data-id=\"4c246b8\" data-element_type=\"widget\" data-e-type=\"widget\" data-widget_type=\"heading.default\">\n\t\t\t\t<div class=\"elementor-widget-container\">\n\t\t\t\t\t<h2 class=\"elementor-heading-title elementor-size-default\">Scopul<\/h2>\t\t\t\t<\/div>\n\t\t\t\t<\/div>\n\t\t\t\t<div class=\"elementor-element elementor-element-6eb855b elementor-widget elementor-widget-text-editor\" data-id=\"6eb855b\" data-element_type=\"widget\" data-e-type=\"widget\" data-widget_type=\"text-editor.default\">\n\t\t\t\t<div class=\"elementor-widget-container\">\n\t\t\t\t\t\t\t\t\t<p>Asisten\u021ba socio- uman\u0103 ofer\u0103 ajutor practic \u0219i social, familiilor sau persoanelor pentru a-\u0219i \u00eembun\u0103t\u0103\u021bi situa\u021bia. Familiile \u0219tiu unde s\u0103 ne g\u0103seasc\u0103 \u0219i \u0219tiu c\u0103 de la ei se cere \u0219i efortul necesar. \u00cen aproape toate cazurile, ajutorul este\u00a0 \u201e mergem \u00eempreuna\u201d \u0219i nu\u00a0 \u201eintinde m\u00e2na \u0219i prime\u0219te\u201d, ceea ce a d\u0103unat mult independen\u021bei romilor din Rom\u00e2nia. Alegem s\u0103 \u00eenv\u0103\u021b\u0103m persoana \u00een cauz\u0103 s\u0103 preia controlul asupra vie\u021bii sale.<br \/><br \/>Exist\u0103 situa\u021bii \u00een care trebuie s\u0103 intervenim f\u0103r\u0103 acordul sau consim\u021b\u0103m\u00e2ntul p\u0103rin\u021bilor, pentru siguran\u021ba sau s\u0103n\u0103tatea copilului. \u00cen acest caz, ac\u021bion\u0103m de dragul copilului \u0219i cooper\u0103m cu autorit\u0103\u021bi, precum poli\u021bia, serviciile de protec\u021bie a copilului sau prim\u0103ria.<\/p>\t\t\t\t\t\t\t\t<\/div>\n\t\t\t\t<\/div>\n\t\t\t\t\t<\/div>\n\t\t<\/div>\n\t\t\t\t<div class=\"elementor-column elementor-col-50 elementor-top-column elementor-element elementor-element-8ef4af6\" data-id=\"8ef4af6\" data-element_type=\"column\" data-e-type=\"column\">\n\t\t\t<div class=\"elementor-widget-wrap\">\n\t\t\t\t\t\t\t<\/div>\n\t\t<\/div>\n\t\t\t\t\t<\/div>\n\t\t<\/section>\n\t\t\t\t<section class=\"elementor-section elementor-top-section elementor-element elementor-element-05ac18c elementor-section-boxed elementor-section-height-default elementor-section-height-default\" data-id=\"05ac18c\" data-element_type=\"section\" data-e-type=\"section\">\n\t\t\t\t\t\t<div class=\"elementor-container elementor-column-gap-default\">\n\t\t\t\t\t<div class=\"elementor-column elementor-col-50 elementor-top-column elementor-element elementor-element-d22d8ab\" data-id=\"d22d8ab\" data-element_type=\"column\" data-e-type=\"column\">\n\t\t\t<div class=\"elementor-widget-wrap\">\n\t\t\t\t\t\t\t<\/div>\n\t\t<\/div>\n\t\t\t\t<div class=\"elementor-column elementor-col-50 elementor-top-column elementor-element elementor-element-47540a7\" data-id=\"47540a7\" data-element_type=\"column\" data-e-type=\"column\">\n\t\t\t<div class=\"elementor-widget-wrap elementor-element-populated\">\n\t\t\t\t\t\t<div class=\"elementor-element elementor-element-97607a5 elementor-widget elementor-widget-heading\" data-id=\"97607a5\" data-element_type=\"widget\" data-e-type=\"widget\" data-widget_type=\"heading.default\">\n\t\t\t\t<div class=\"elementor-widget-container\">\n\t\t\t\t\t<h2 class=\"elementor-heading-title elementor-size-default\">\u00cenceputul<\/h2>\t\t\t\t<\/div>\n\t\t\t\t<\/div>\n\t\t\t\t<div class=\"elementor-element elementor-element-d7a2f81 elementor-widget elementor-widget-text-editor\" data-id=\"d7a2f81\" data-element_type=\"widget\" data-e-type=\"widget\" data-widget_type=\"text-editor.default\">\n\t\t\t\t<div class=\"elementor-widget-container\">\n\t\t\t\t\t\t\t\t\t<p>\u00cen 2010 s-a \u00eenceput un inventar \u00een strada R\u00e2ndunelor. Vizit\u00e2nd multe familii, am creat mai mult sau mai pu\u021bin o hart\u0103 a comunit\u0103\u021bii. \u00cen plus, a existat \u0219i mult contact cu p\u0103rin\u021bii copiilor prin intermediul gr\u0103dini\u021bei \u0219i programului After School.<br \/><br \/>La prima vedere, familiile din strada R\u00e2ndunelelor par s\u0103 se descurce destul de bine. \u00a0Dar c\u00e2nd e\u0219ti acceptat s\u0103 intri \u00een casele oamenilor, descoperi c\u0103 exist\u0103 multe probleme. Micile probleme, cum ar fi lipsa documentelor sau momentele \u00een care analfabetismul iasa \u00een cale, sunt situa\u021bii \u00een care putem ajuta ca asocia\u021bie. \u00cen plus, exist\u0103 \u0219i probleme grave, precum violen\u021ba domestic\u0103, abuzul asupra copiilor sau alte forme de nedreptate. Din p\u0103cate, aceste probleme nu fac excep\u021bie.<br \/><br \/>\u00cencerc\u0103m s\u0103 oferim ajutor c\u00e2nd putem \u0219i intervenim c\u00e2nd nu putem \u00eenchide ochii. Acest lucru produce adesea momente frumoase \u0219i recunosc\u0103toare, dar uneori provoac\u0103 \u0219i situa\u021bii triste \u0219i extrem de complexe.<br \/><br \/>Ca orice alt program, asisten\u021ba socio-uman\u0103 dore\u0219te s\u0103 se concentreze \u0219i pe construirea \u00cemp\u0103r\u0103\u021biei lui Dumnezeu.<\/p>\t\t\t\t\t\t\t\t<\/div>\n\t\t\t\t<\/div>\n\t\t\t\t\t<\/div>\n\t\t<\/div>\n\t\t\t\t\t<\/div>\n\t\t<\/section>\n\t\t\t\t<section class=\"elementor-section elementor-top-section elementor-element elementor-element-b653379 elementor-section-boxed elementor-section-height-default elementor-section-height-default\" data-id=\"b653379\" data-element_type=\"section\" data-e-type=\"section\">\n\t\t\t\t\t\t<div class=\"elementor-container elementor-column-gap-default\">\n\t\t\t\t\t<div class=\"elementor-column elementor-col-50 elementor-top-column elementor-element elementor-element-dc79264\" data-id=\"dc79264\" data-element_type=\"column\" data-e-type=\"column\">\n\t\t\t<div class=\"elementor-widget-wrap elementor-element-populated\">\n\t\t\t\t\t\t<div class=\"elementor-element elementor-element-5e795e8 elementor-widget elementor-widget-heading\" data-id=\"5e795e8\" data-element_type=\"widget\" data-e-type=\"widget\" data-widget_type=\"heading.default\">\n\t\t\t\t<div class=\"elementor-widget-container\">\n\t\t\t\t\t<h2 class=\"elementor-heading-title elementor-size-default\">Cum arat\u0103 programul?<\/h2>\t\t\t\t<\/div>\n\t\t\t\t<\/div>\n\t\t\t\t<div class=\"elementor-element elementor-element-ea7c01a elementor-widget elementor-widget-text-editor\" data-id=\"ea7c01a\" data-element_type=\"widget\" data-e-type=\"widget\" data-widget_type=\"text-editor.default\">\n\t\t\t\t<div class=\"elementor-widget-container\">\n\t\t\t\t\t\t\t\t\t<p>Asocia\u021bia Laleaua poate fi abordat\u0103 de familiile comunit\u0103\u021bii de romi pentru orice problem\u0103 social\u0103, societal\u0103 \u0219i\/sau financiar\u0103. Analiz\u0103m problema \u0219i c\u0103ut\u0103m o solu\u021bie. Solu\u021bia poate con\u021bine o singur\u0103 ac\u021biune care poate fi sau nu efectuat\u0103 cu ajutorul nostru. Dar poate \u00eensemna \u0219i c\u0103 ne angaj\u0103m pe o traiectorie pe termen lung care include mai multe ac\u021biuni. Angajamentul \u0219i implicarea familiei sau individului \u00een cauz\u0103 determin\u0103 dac\u0103 problema este sau nu rezolvat\u0103. \u00cen cazul \u00een care acordurile \u00eencheiate nu vor fi respectate, se va \u00eentrerupe \u0219i ajutorul de la Laleaua. \u00cen mod firesc, intensitatea ajutorului este determinat\u0103 \u00een func\u021bie de aptitudinile \u0219i posibilit\u0103\u021bile (financiare) ale familiei sau ale individului. \u00cen cazuri grave, cum ar fi abuzul asupra copiilor, violen\u021ba domestic\u0103 sau r\u0103pirea, autorit\u0103\u021bile sunt chemate \u0219i se vor lua m\u0103suri f\u0103r\u0103 acordul familiei.<\/p>\t\t\t\t\t\t\t\t<\/div>\n\t\t\t\t<\/div>\n\t\t\t\t\t<\/div>\n\t\t<\/div>\n\t\t\t\t<div class=\"elementor-column elementor-col-50 elementor-top-column elementor-element elementor-element-f69f072\" data-id=\"f69f072\" data-element_type=\"column\" data-e-type=\"column\">\n\t\t\t<div class=\"elementor-widget-wrap elementor-element-populated\">\n\t\t\t\t\t\t<div class=\"elementor-element elementor-element-476bab1 elementor-widget elementor-widget-spacer\" data-id=\"476bab1\" data-element_type=\"widget\" data-e-type=\"widget\" data-widget_type=\"spacer.default\">\n\t\t\t\t<div class=\"elementor-widget-container\">\n\t\t\t\t\t\t\t<div class=\"elementor-spacer\">\n\t\t\t<div class=\"elementor-spacer-inner\"><\/div>\n\t\t<\/div>\n\t\t\t\t\t\t<\/div>\n\t\t\t\t<\/div>\n\t\t\t\t<div class=\"elementor-element elementor-element-eda2796 elementor-widget elementor-widget-image\" data-id=\"eda2796\" data-element_type=\"widget\" data-e-type=\"widget\" data-widget_type=\"image.default\">\n\t\t\t\t<div class=\"elementor-widget-container\">\n\t\t\t\t\t\t\t\t\t\t\t\t\t\t\t<img decoding=\"async\" width=\"1024\" height=\"1024\" src=\"https:\/\/laleaua.nl\/cmccr\/wp-content\/uploads\/2020\/09\/Marin-Fianne-8-1024x1024.png\" class=\"attachment-large size-large wp-image-2145\" alt=\"\" srcset=\"https:\/\/laleaua.nl\/cmccr\/wp-content\/uploads\/2020\/09\/Marin-Fianne-8-1024x1024.png 1024w, https:\/\/laleaua.nl\/cmccr\/wp-content\/uploads\/2020\/09\/Marin-Fianne-8-300x300.png 300w, https:\/\/laleaua.nl\/cmccr\/wp-content\/uploads\/2020\/09\/Marin-Fianne-8-150x150.png 150w, https:\/\/laleaua.nl\/cmccr\/wp-content\/uploads\/2020\/09\/Marin-Fianne-8-768x768.png 768w, https:\/\/laleaua.nl\/cmccr\/wp-content\/uploads\/2020\/09\/Marin-Fianne-8-600x600.png 600w, https:\/\/laleaua.nl\/cmccr\/wp-content\/uploads\/2020\/09\/Marin-Fianne-8-100x100.png 100w, https:\/\/laleaua.nl\/cmccr\/wp-content\/uploads\/2020\/09\/Marin-Fianne-8.png 1080w\" sizes=\"(max-width: 1024px) 100vw, 1024px\" \/>\t\t\t\t\t\t\t\t\t\t\t\t\t\t\t<\/div>\n\t\t\t\t<\/div>\n\t\t\t\t<div class=\"elementor-element elementor-element-38d5553 elementor-widget elementor-widget-spacer\" data-id=\"38d5553\" data-element_type=\"widget\" data-e-type=\"widget\" data-widget_type=\"spacer.default\">\n\t\t\t\t<div class=\"elementor-widget-container\">\n\t\t\t\t\t\t\t<div class=\"elementor-spacer\">\n\t\t\t<div class=\"elementor-spacer-inner\"><\/div>\n\t\t<\/div>\n\t\t\t\t\t\t<\/div>\n\t\t\t\t<\/div>\n\t\t\t\t\t<\/div>\n\t\t<\/div>\n\t\t\t\t\t<\/div>\n\t\t<\/section>\n\t\t\t\t<section class=\"elementor-section elementor-top-section elementor-element elementor-element-f69b3a5 elementor-section-boxed elementor-section-height-default elementor-section-height-default\" data-id=\"f69b3a5\" data-element_type=\"section\" data-e-type=\"section\">\n\t\t\t\t\t\t<div class=\"elementor-container elementor-column-gap-default\">\n\t\t\t\t\t<div class=\"elementor-column elementor-col-100 elementor-top-column elementor-element elementor-element-f03a743\" data-id=\"f03a743\" data-element_type=\"column\" data-e-type=\"column\">\n\t\t\t<div class=\"elementor-widget-wrap elementor-element-populated\">\n\t\t\t\t\t\t<div class=\"elementor-element elementor-element-2fe2907 elementor-widget elementor-widget-spacer\" data-id=\"2fe2907\" data-element_type=\"widget\" data-e-type=\"widget\" data-widget_type=\"spacer.default\">\n\t\t\t\t<div class=\"elementor-widget-container\">\n\t\t\t\t\t\t\t<div class=\"elementor-spacer\">\n\t\t\t<div class=\"elementor-spacer-inner\"><\/div>\n\t\t<\/div>\n\t\t\t\t\t\t<\/div>\n\t\t\t\t<\/div>\n\t\t\t\t\t<\/div>\n\t\t<\/div>\n\t\t\t\t\t<\/div>\n\t\t<\/section>\n\t\t\t\t<\/div>\n\t\t","protected":false},"excerpt":{"rendered":"<p>Asisten\u021ba social\u0103- uman\u0103 Asisten\u021ba social\u0103- uman\u0103 ofer\u0103 ajutor practic \u0219i social, familiilor sau persoanelor pentru a-\u0219i \u00eembun\u0103t\u0103\u021bi situa\u021bia. Scopul Asisten\u021ba socio- uman\u0103 ofer\u0103 ajutor practic \u0219i social, familiilor sau persoanelor pentru a-\u0219i \u00eembun\u0103t\u0103\u021bi situa\u021bia. Familiile \u0219tiu unde s\u0103 ne g\u0103seasc\u0103 \u0219i \u0219tiu c\u0103 de la ei se cere \u0219i efortul necesar. \u00cen aproape toate cazurile, [&hellip;]<\/p>\n","protected":false},"author":1,"featured_media":0,"parent":0,"menu_order":0,"comment_status":"closed","ping_status":"closed","template":"elementor_header_footer","meta":{"footnotes":""},"class_list":["post-1651","page","type-page","status-publish","hentry"],"_links":{"self":[{"href":"https:\/\/laleaua.nl\/cmccr\/wp-json\/wp\/v2\/pages\/1651","targetHints":{"allow":["GET"]}}],"collection":[{"href":"https:\/\/laleaua.nl\/cmccr\/wp-json\/wp\/v2\/pages"}],"about":[{"href":"https:\/\/laleaua.nl\/cmccr\/wp-json\/wp\/v2\/types\/page"}],"author":[{"embeddable":true,"href":"https:\/\/laleaua.nl\/cmccr\/wp-json\/wp\/v2\/users\/1"}],"replies":[{"embeddable":true,"href":"https:\/\/laleaua.nl\/cmccr\/wp-json\/wp\/v2\/comments?post=1651"}],"version-history":[{"count":53,"href":"https:\/\/laleaua.nl\/cmccr\/wp-json\/wp\/v2\/pages\/1651\/revisions"}],"predecessor-version":[{"id":3193,"href":"https:\/\/laleaua.nl\/cmccr\/wp-json\/wp\/v2\/pages\/1651\/revisions\/3193"}],"wp:attachment":[{"href":"https:\/\/laleaua.nl\/cmccr\/wp-json\/wp\/v2\/media?parent=1651"}],"curies":[{"name":"wp","href":"https:\/\/api.w.org\/{rel}","templated":true}]}}