	{"id":730,"date":"2020-03-26T14:32:56","date_gmt":"2020-03-26T14:32:56","guid":{"rendered":"http:\/\/laleaua.nl\/cmcc\/?page_id=730"},"modified":"2026-04-23T13:15:39","modified_gmt":"2026-04-23T11:15:39","slug":"de-mariniersclub","status":"publish","type":"page","link":"https:\/\/laleaua.nl\/cmccr\/de-mariniersclub\/","title":{"rendered":"Trupa Marinarilor"},"content":{"rendered":"\t\t<div data-elementor-type=\"wp-page\" data-elementor-id=\"730\" class=\"elementor elementor-730\">\n\t\t\t\t\t\t<section class=\"elementor-section elementor-top-section elementor-element elementor-element-d8e0539 elementor-section-boxed elementor-section-height-default elementor-section-height-default\" data-id=\"d8e0539\" data-element_type=\"section\" data-e-type=\"section\">\n\t\t\t\t\t\t<div class=\"elementor-container elementor-column-gap-default\">\n\t\t\t\t\t<div class=\"elementor-column elementor-col-100 elementor-top-column elementor-element elementor-element-40c2d06\" data-id=\"40c2d06\" data-element_type=\"column\" data-e-type=\"column\">\n\t\t\t<div class=\"elementor-widget-wrap elementor-element-populated\">\n\t\t\t\t\t\t<div class=\"elementor-element elementor-element-5c10ee8 elementor-widget elementor-widget-heading\" data-id=\"5c10ee8\" data-element_type=\"widget\" data-e-type=\"widget\" data-widget_type=\"heading.default\">\n\t\t\t\t<div class=\"elementor-widget-container\">\n\t\t\t\t\t<h2 class=\"elementor-heading-title elementor-size-default\">Trupa Marinarilor\n<\/h2>\t\t\t\t<\/div>\n\t\t\t\t<\/div>\n\t\t\t\t<div class=\"elementor-element elementor-element-a4b625f elementor-widget elementor-widget-text-editor\" data-id=\"a4b625f\" data-element_type=\"widget\" data-e-type=\"widget\" data-widget_type=\"text-editor.default\">\n\t\t\t\t<div class=\"elementor-widget-container\">\n\t\t\t\t\t\t\t\t\t<p>Trupa Marinarilor este un club de adolescen\u021bi cre\u0219tini, care arat\u0103 ca o combina\u021bie \u00eentre un club de cercetare \u0219i de studiu biblic. Locul \u00een care disciplina, comunicarea, conducerea, cooperarea \u0219i urmarea lui Dumnezeu sunt centrale. A deveni un \u201eadev\u0103rat marinar\u201d este cel mai mare obiectiv!<\/p>\t\t\t\t\t\t\t\t<\/div>\n\t\t\t\t<\/div>\n\t\t\t\t\t<\/div>\n\t\t<\/div>\n\t\t\t\t\t<\/div>\n\t\t<\/section>\n\t\t\t\t<section class=\"elementor-section elementor-top-section elementor-element elementor-element-1df4420 elementor-section-stretched elementor-section-full_width elementor-section-height-default elementor-section-height-default\" data-id=\"1df4420\" data-element_type=\"section\" data-e-type=\"section\" data-settings=\"{&quot;stretch_section&quot;:&quot;section-stretched&quot;}\">\n\t\t\t\t\t\t<div class=\"elementor-container elementor-column-gap-default\">\n\t\t\t\t\t<div class=\"elementor-column elementor-col-100 elementor-top-column elementor-element elementor-element-503171f\" data-id=\"503171f\" data-element_type=\"column\" data-e-type=\"column\">\n\t\t\t<div class=\"elementor-widget-wrap elementor-element-populated\">\n\t\t\t\t\t\t<div class=\"elementor-element elementor-element-9f09d42 elementor-arrows-position-inside elementor-pagination-position-outside elementor-widget elementor-widget-image-carousel\" data-id=\"9f09d42\" data-element_type=\"widget\" data-e-type=\"widget\" data-settings=\"{&quot;slides_to_show&quot;:&quot;1&quot;,&quot;navigation&quot;:&quot;both&quot;,&quot;autoplay&quot;:&quot;yes&quot;,&quot;pause_on_hover&quot;:&quot;yes&quot;,&quot;pause_on_interaction&quot;:&quot;yes&quot;,&quot;autoplay_speed&quot;:5000,&quot;infinite&quot;:&quot;yes&quot;,&quot;effect&quot;:&quot;slide&quot;,&quot;speed&quot;:500}\" data-widget_type=\"image-carousel.default\">\n\t\t\t\t<div class=\"elementor-widget-container\">\n\t\t\t\t\t\t\t<div class=\"elementor-image-carousel-wrapper swiper\" role=\"region\" aria-roledescription=\"carousel\" aria-label=\"Afbeelding carrousel\" dir=\"ltr\">\n\t\t\t<div class=\"elementor-image-carousel swiper-wrapper swiper-image-stretch\" aria-live=\"off\">\n\t\t\t\t\t\t\t\t<div class=\"swiper-slide\" role=\"group\" aria-roledescription=\"slide\" aria-label=\"1 van 10\"><figure class=\"swiper-slide-inner\"><img decoding=\"async\" class=\"swiper-slide-image\" src=\"https:\/\/laleaua.nl\/cmccr\/wp-content\/uploads\/2020\/10\/B6810BB3-D963-43DC-8E64-957CA5F7A8C0-F569BA92-22FB-4CA2-927D-2E5D4CAB392D-scaled.jpg\" alt=\"Processed with VSCO with c1 preset\" \/><\/figure><\/div><div class=\"swiper-slide\" role=\"group\" aria-roledescription=\"slide\" aria-label=\"2 van 10\"><figure class=\"swiper-slide-inner\"><img decoding=\"async\" class=\"swiper-slide-image\" src=\"https:\/\/laleaua.nl\/cmccr\/wp-content\/uploads\/2020\/04\/IMG_0015.jpg\" alt=\"Processed with VSCO with c1 preset\" \/><\/figure><\/div><div class=\"swiper-slide\" role=\"group\" aria-roledescription=\"slide\" aria-label=\"3 van 10\"><figure class=\"swiper-slide-inner\"><img decoding=\"async\" class=\"swiper-slide-image\" src=\"https:\/\/laleaua.nl\/cmccr\/wp-content\/uploads\/2020\/10\/CB4E49CB-516E-498D-AC7C-E1267BCA2BA4-0AC2850C-F9AA-4062-B311-0AF9850CEFAE-scaled.jpg\" alt=\"Processed with VSCO with c1 preset\" \/><\/figure><\/div><div class=\"swiper-slide\" role=\"group\" aria-roledescription=\"slide\" aria-label=\"4 van 10\"><figure class=\"swiper-slide-inner\"><img decoding=\"async\" class=\"swiper-slide-image\" src=\"https:\/\/laleaua.nl\/cmccr\/wp-content\/uploads\/2020\/04\/697E164D-CBEB-40E5-AB25-3D38585A2C23-scaled.jpg\" alt=\"Processed with VSCO with c1 preset\" \/><\/figure><\/div><div class=\"swiper-slide\" role=\"group\" aria-roledescription=\"slide\" aria-label=\"5 van 10\"><figure class=\"swiper-slide-inner\"><img decoding=\"async\" class=\"swiper-slide-image\" src=\"https:\/\/laleaua.nl\/cmccr\/wp-content\/uploads\/2020\/04\/39E90354-F66F-4A1E-8198-336F14D08B0D-1-scaled.jpg\" alt=\"Processed with VSCO with c1 preset\" \/><\/figure><\/div><div class=\"swiper-slide\" role=\"group\" aria-roledescription=\"slide\" aria-label=\"6 van 10\"><figure class=\"swiper-slide-inner\"><img decoding=\"async\" class=\"swiper-slide-image\" src=\"https:\/\/laleaua.nl\/cmccr\/wp-content\/uploads\/2020\/04\/8C8CFCEC-B301-4734-82B1-B9ACEE11ABA3-scaled.jpg\" alt=\"Processed with VSCO with c1 preset\" \/><\/figure><\/div><div class=\"swiper-slide\" role=\"group\" aria-roledescription=\"slide\" aria-label=\"7 van 10\"><figure class=\"swiper-slide-inner\"><img decoding=\"async\" class=\"swiper-slide-image\" src=\"https:\/\/laleaua.nl\/cmccr\/wp-content\/uploads\/2020\/04\/CB580836-8805-4142-947A-3B33BA552737-scaled.jpg\" alt=\"Processed with VSCO with c1 preset\" \/><\/figure><\/div><div class=\"swiper-slide\" role=\"group\" aria-roledescription=\"slide\" aria-label=\"8 van 10\"><figure class=\"swiper-slide-inner\"><img decoding=\"async\" class=\"swiper-slide-image\" src=\"https:\/\/laleaua.nl\/cmccr\/wp-content\/uploads\/2020\/04\/IMG_0010.jpg\" alt=\"Processed with VSCO with c1 preset\" \/><\/figure><\/div><div class=\"swiper-slide\" role=\"group\" aria-roledescription=\"slide\" aria-label=\"9 van 10\"><figure class=\"swiper-slide-inner\"><img decoding=\"async\" class=\"swiper-slide-image\" src=\"https:\/\/laleaua.nl\/cmccr\/wp-content\/uploads\/2020\/09\/FEC55488-A45B-44B6-860E-75B7BC1C5F5F-DB58053F-88B2-4150-81F4-1586F2132633-scaled.jpg\" alt=\"Processed with VSCO with f2 preset\" \/><\/figure><\/div><div class=\"swiper-slide\" role=\"group\" aria-roledescription=\"slide\" aria-label=\"10 van 10\"><figure class=\"swiper-slide-inner\"><img decoding=\"async\" class=\"swiper-slide-image\" src=\"https:\/\/laleaua.nl\/cmccr\/wp-content\/uploads\/2020\/09\/FF654B2F-2536-406A-A407-4CAF1BE8EE74-scaled.jpg\" alt=\"Processed with VSCO with c1 preset\" \/><\/figure><\/div>\t\t\t<\/div>\n\t\t\t\t\t\t\t\t\t\t\t\t<div class=\"elementor-swiper-button elementor-swiper-button-prev\" role=\"button\" tabindex=\"0\">\n\t\t\t\t\t\t<i aria-hidden=\"true\" class=\"eicon-chevron-left\"><\/i>\t\t\t\t\t<\/div>\n\t\t\t\t\t<div class=\"elementor-swiper-button elementor-swiper-button-next\" role=\"button\" tabindex=\"0\">\n\t\t\t\t\t\t<i aria-hidden=\"true\" class=\"eicon-chevron-right\"><\/i>\t\t\t\t\t<\/div>\n\t\t\t\t\n\t\t\t\t\t\t\t\t\t<div class=\"swiper-pagination\"><\/div>\n\t\t\t\t\t\t\t\t\t<\/div>\n\t\t\t\t\t\t<\/div>\n\t\t\t\t<\/div>\n\t\t\t\t\t<\/div>\n\t\t<\/div>\n\t\t\t\t\t<\/div>\n\t\t<\/section>\n\t\t\t\t<section class=\"elementor-section elementor-top-section elementor-element elementor-element-4badf21 elementor-section-boxed elementor-section-height-default elementor-section-height-default\" data-id=\"4badf21\" data-element_type=\"section\" data-e-type=\"section\">\n\t\t\t\t\t\t<div class=\"elementor-container elementor-column-gap-default\">\n\t\t\t\t\t<div class=\"elementor-column elementor-col-100 elementor-top-column elementor-element elementor-element-98b6034\" data-id=\"98b6034\" data-element_type=\"column\" data-e-type=\"column\">\n\t\t\t<div class=\"elementor-widget-wrap elementor-element-populated\">\n\t\t\t\t\t\t<div class=\"elementor-element elementor-element-9f85eb4 elementor-widget elementor-widget-heading\" data-id=\"9f85eb4\" data-element_type=\"widget\" data-e-type=\"widget\" data-widget_type=\"heading.default\">\n\t\t\t\t<div class=\"elementor-widget-container\">\n\t\t\t\t\t<h2 class=\"elementor-heading-title elementor-size-default\">Scopul<\/h2>\t\t\t\t<\/div>\n\t\t\t\t<\/div>\n\t\t\t\t\t<\/div>\n\t\t<\/div>\n\t\t\t\t\t<\/div>\n\t\t<\/section>\n\t\t\t\t<section class=\"elementor-section elementor-top-section elementor-element elementor-element-b3edbb4 elementor-section-boxed elementor-section-height-default elementor-section-height-default\" data-id=\"b3edbb4\" data-element_type=\"section\" data-e-type=\"section\">\n\t\t\t\t\t\t<div class=\"elementor-container elementor-column-gap-default\">\n\t\t\t\t\t<div class=\"elementor-column elementor-col-50 elementor-top-column elementor-element elementor-element-86400cd\" data-id=\"86400cd\" data-element_type=\"column\" data-e-type=\"column\">\n\t\t\t<div class=\"elementor-widget-wrap elementor-element-populated\">\n\t\t\t\t\t\t<div class=\"elementor-element elementor-element-c1ce1f4 elementor-widget elementor-widget-text-editor\" data-id=\"c1ce1f4\" data-element_type=\"widget\" data-e-type=\"widget\" data-widget_type=\"text-editor.default\">\n\t\t\t\t<div class=\"elementor-widget-container\">\n\t\t\t\t\t\t\t\t\t<p>Scopul Trupei Marinarilor este ca to\u021bi adolescen\u021bii romi s\u0103 se poat\u0103 dezvolta la nivelul lor. Noi numim acest lucru dezvoltarea de a deveni un \u201emarinar adev\u0103rat\u201c.<br \/><br \/>Un adev\u0103rat marinar are o perspectiv\u0103 pozitiv\u0103 asupra vie\u021bii, respect\u0103 autoritatea \u0219i are voin\u021ba de a servi pe ceilal\u021bi. Un adev\u0103rat marinar \u00eel \u00eencurajeaz\u0103 pe cel\u0103lalt cu cuvinte \u0219i vorbe\u0219te pozitiv despre ceilal\u021bi. Un adev\u0103rat marinar face tot ce poate pentru a cre\u0219te \u0219i nu renun\u021b\u0103 la asta, \u00een ciuda e\u0219ecurilor. Un adev\u0103rat marinar p\u0103streaz\u0103 \u00een\u021belegerile \u0219i poate fi de \u00eencredere.<\/p>\t\t\t\t\t\t\t\t<\/div>\n\t\t\t\t<\/div>\n\t\t\t\t\t<\/div>\n\t\t<\/div>\n\t\t\t\t<div class=\"elementor-column elementor-col-50 elementor-top-column elementor-element elementor-element-8db7f6c\" data-id=\"8db7f6c\" data-element_type=\"column\" data-e-type=\"column\">\n\t\t\t<div class=\"elementor-widget-wrap elementor-element-populated\">\n\t\t\t\t\t\t<div class=\"elementor-element elementor-element-1b78783 elementor-widget elementor-widget-text-editor\" data-id=\"1b78783\" data-element_type=\"widget\" data-e-type=\"widget\" data-widget_type=\"text-editor.default\">\n\t\t\t\t<div class=\"elementor-widget-container\">\n\t\t\t\t\t\t\t\t\t<p>\u00cen plus, este cea mai profund\u0103 dorin\u021b\u0103 a noastr\u0103 ca marinarii s\u0103-l cunoasc\u0103 pe Dumnezeu ca pe un Dumnezeu iubitor \u0219i s\u0103 permit\u0103 ca alegerile lor s\u0103 fie influen\u021bate de voin\u021ba Lui.<br \/><br \/>De ani de zile, Trupa Marinarilor ocup\u0103 un loc permanent \u00een via\u021ba adolescen\u021bilor. Adolescen\u021bilor le place s\u0103 poveste la Trupa Marinarilor. Lucruri pe care le \u00eenva\u021b\u0103, dar \u0219i visele pe care le au \u00een cadrul clubului. Adolescen\u021bii vor s\u0103 devin\u0103 \u201ec\u0103pitan\u201d \u0219i mai t\u00e2rziu s\u0103 ocupe un rol \u00een club. Ei pot folosi impecabil calit\u0103\u021bile unui \u201eadev\u0103rat marinar\u201d la Trupa Marinarilor, dar uneori este dificil \u00een via\u021ba real\u0103. Marinarii nostri mai mari (15-18 ani) se preg\u0103tesc pentru un rol de conducere \u00een cadrul clubului. Vedem c\u0103 alegerile lor cu privire la propria lor via\u021b\u0103 sunt influen\u021bate \u00een mod regulat de ceea ce \u00eenva\u021b\u0103 la club.<\/p>\t\t\t\t\t\t\t\t<\/div>\n\t\t\t\t<\/div>\n\t\t\t\t\t<\/div>\n\t\t<\/div>\n\t\t\t\t\t<\/div>\n\t\t<\/section>\n\t\t\t\t<section class=\"elementor-section elementor-top-section elementor-element elementor-element-48bba15 elementor-section-boxed elementor-section-height-default elementor-section-height-default\" data-id=\"48bba15\" data-element_type=\"section\" data-e-type=\"section\">\n\t\t\t\t\t\t<div class=\"elementor-container elementor-column-gap-default\">\n\t\t\t\t\t<div class=\"elementor-column elementor-col-50 elementor-top-column elementor-element elementor-element-ef61234\" data-id=\"ef61234\" data-element_type=\"column\" data-e-type=\"column\">\n\t\t\t<div class=\"elementor-widget-wrap elementor-element-populated\">\n\t\t\t\t\t\t<div class=\"elementor-element elementor-element-0111863 elementor-widget elementor-widget-heading\" data-id=\"0111863\" data-element_type=\"widget\" data-e-type=\"widget\" data-widget_type=\"heading.default\">\n\t\t\t\t<div class=\"elementor-widget-container\">\n\t\t\t\t\t<h2 class=\"elementor-heading-title elementor-size-default\"><p>Inceputul<span><\/span><\/p><\/h2>\t\t\t\t<\/div>\n\t\t\t\t<\/div>\n\t\t\t\t<div class=\"elementor-element elementor-element-0bbc75d elementor-widget elementor-widget-text-editor\" data-id=\"0bbc75d\" data-element_type=\"widget\" data-e-type=\"widget\" data-widget_type=\"text-editor.default\">\n\t\t\t\t<div class=\"elementor-widget-container\">\n\t\t\t\t\t\t\t\t\t<p>\u00cen 2010 vedeam o nevoie social\u0103 \u0219i spiritual\u0103 \u00een r\u00e2ndul adolescen\u021bilor din strada R\u00e2ndunelelor. Exista un grup de adolescen\u021bi pentru care nici o biserica sau o alt\u0103 organiza\u021bie nu a organizat nimic pentru a-i familiariza cu Evanghelia \u0219i a-i ajutat s\u0103 \u00een\u021beleag\u0103 mai bine via\u021ba \u0219i s\u0103 fac\u0103 alegeri bune. Atunci am infiin\u021bat Trupa marinarilor ca un club cre\u0219tin pentru adolescen\u021bi. Conceptul seam\u0103n\u0103 cu o combina\u021bie a unui grup de cercetare \u0219i studiu biblic. Am \u00eenceput cu 12 marinari \u00een v\u00e2rst\u0103 de 14-16 ani. \u00cen prezent avem 28 de marin\u0103ri, cu v\u00e2rste cuprinse \u00eentre 12 \u0219i 18 ani.<\/p>\t\t\t\t\t\t\t\t<\/div>\n\t\t\t\t<\/div>\n\t\t\t\t\t<\/div>\n\t\t<\/div>\n\t\t\t\t<div class=\"elementor-column elementor-col-50 elementor-top-column elementor-element elementor-element-69cc81a\" data-id=\"69cc81a\" data-element_type=\"column\" data-e-type=\"column\">\n\t\t\t<div class=\"elementor-widget-wrap\">\n\t\t\t\t\t\t\t<\/div>\n\t\t<\/div>\n\t\t\t\t\t<\/div>\n\t\t<\/section>\n\t\t\t\t<section class=\"elementor-section elementor-top-section elementor-element elementor-element-749fba8 elementor-section-boxed elementor-section-height-default elementor-section-height-default\" data-id=\"749fba8\" data-element_type=\"section\" data-e-type=\"section\">\n\t\t\t\t\t\t<div class=\"elementor-container elementor-column-gap-wide\">\n\t\t\t\t\t<div class=\"elementor-column elementor-col-50 elementor-top-column elementor-element elementor-element-ef8edbc\" data-id=\"ef8edbc\" data-element_type=\"column\" data-e-type=\"column\">\n\t\t\t<div class=\"elementor-widget-wrap\">\n\t\t\t\t\t\t\t<\/div>\n\t\t<\/div>\n\t\t\t\t<div class=\"elementor-column elementor-col-50 elementor-top-column elementor-element elementor-element-363f5a1\" data-id=\"363f5a1\" data-element_type=\"column\" data-e-type=\"column\">\n\t\t\t<div class=\"elementor-widget-wrap elementor-element-populated\">\n\t\t\t\t\t\t<div class=\"elementor-element elementor-element-4159749 elementor-widget elementor-widget-heading\" data-id=\"4159749\" data-element_type=\"widget\" data-e-type=\"widget\" data-widget_type=\"heading.default\">\n\t\t\t\t<div class=\"elementor-widget-container\">\n\t\t\t\t\t<h2 class=\"elementor-heading-title elementor-size-default\">Cum arata programul<\/h2>\t\t\t\t<\/div>\n\t\t\t\t<\/div>\n\t\t\t\t<div class=\"elementor-element elementor-element-65c8de1 elementor-widget elementor-widget-text-editor\" data-id=\"65c8de1\" data-element_type=\"widget\" data-e-type=\"widget\" data-widget_type=\"text-editor.default\">\n\t\t\t\t<div class=\"elementor-widget-container\">\n\t\t\t\t\t\t\t\t\t<p>La intrare, fiecarui marinar i se asigur\u0103 \u00eembr\u0103c\u0103minte marin\u0103. Aceast\u0103 \u00eembr\u0103c\u0103minte marin\u0103 indic\u0103 rangul al 3-lea, al 2-lea, 1-lea marin\u0103, \u0219ef de echip\u0103, timonier sau c\u0103pitan.<br \/><br \/>\u00cen plus, fiecare marin\u0103 are \u00eensemne colorate, care indic\u0103 dezvoltarea \u00een diverse domenii, cum ar fi cooperarea, cur\u0103\u021benie, fiind un bun exemplu etc. \u00cencepem clubul cu o serie de expresii disciplinare, printre care un salut marin comun \u0219i c\u00e2ntecul clubului nostru. Lu\u0103m prezen\u021ba \u0219i \u00eencepem cu rug\u0103ciunea. \u00cen timpul rug\u0103ciunii ne scoatem \u00eembr\u0103c\u0103minte marin\u0103 pentru c\u0103, a\u0219a cum va confirma fiecare marinar, \u00een fa\u021ba lui Dumnezeu nu exist\u0103 nicio diferen\u021b\u0103 \u00eentre un c\u0103pitan sau un marinar. Studiul biblic ocup\u0103 \u00eentotdeauna o parte a temei anuale \u0219i are un timp pentru \u00eenchinare. Dup\u0103 acesta ne juc\u0103m un joc sau lucr\u0103m \u00eempreun\u0103 la o sarcin\u0103 creativ\u0103.<\/p><p>Formarea grupului \u0219i abilit\u0103\u021bi precum colaborarea, conducerea \u0219i comunicarea sunt esen\u021biale pentru acesta. Dup\u0103 un pahar de suc , o bomboan\u0103 \u0219i o serie de alte elemente de program fixe, o parte din marin\u0103ri r\u0103m\u00e2ne pentru a cur\u0103\u021ba spa\u021biul folosit.<\/p>\t\t\t\t\t\t\t\t<\/div>\n\t\t\t\t<\/div>\n\t\t\t\t\t<\/div>\n\t\t<\/div>\n\t\t\t\t\t<\/div>\n\t\t<\/section>\n\t\t\t\t<section class=\"elementor-section elementor-top-section elementor-element elementor-element-595af82 elementor-section-boxed elementor-section-height-default elementor-section-height-default\" data-id=\"595af82\" data-element_type=\"section\" data-e-type=\"section\">\n\t\t\t\t\t\t<div class=\"elementor-container elementor-column-gap-wide\">\n\t\t\t\t\t<div class=\"elementor-column elementor-col-50 elementor-top-column elementor-element elementor-element-f9587a3\" data-id=\"f9587a3\" data-element_type=\"column\" data-e-type=\"column\">\n\t\t\t<div class=\"elementor-widget-wrap elementor-element-populated\">\n\t\t\t\t\t\t<div class=\"elementor-element elementor-element-a7cf69f elementor-widget elementor-widget-heading\" data-id=\"a7cf69f\" data-element_type=\"widget\" data-e-type=\"widget\" data-widget_type=\"heading.default\">\n\t\t\t\t<div class=\"elementor-widget-container\">\n\t\t\t\t\t<h2 class=\"elementor-heading-title elementor-size-default\">Alte activitati<\/h2>\t\t\t\t<\/div>\n\t\t\t\t<\/div>\n\t\t\t\t<div class=\"elementor-element elementor-element-cfb2971 elementor-widget elementor-widget-text-editor\" data-id=\"cfb2971\" data-element_type=\"widget\" data-e-type=\"widget\" data-widget_type=\"text-editor.default\">\n\t\t\t\t<div class=\"elementor-widget-container\">\n\t\t\t\t\t\t\t\t\t<p>Pe l\u00e2ng\u0103 \u00eent\u00e2lnirile din fiecare vineri, mai avem \u0219i c\u00e2teva momente speciale pe parcursul anului. De Cr\u0103ciun \u0219i de Pa\u0219te mergem la sec\u021bia de psihiatrie a spitalului local. Aici c\u00e2nt\u0103m, ne rug\u0103m \u0219i dans\u0103m cu pacien\u021bii. Ulterior, oferim fiec\u0103rui pacient un pachet plin de bun\u0103t\u0103\u021bi.<\/p><p>Toamna ie\u0219im \u0219i pentru o zi de antrenament, in care totul este despre aventur\u0103, colaborare \u0219i despre a ne face amintiri \u00eempreun\u0103. \u00cen prim\u0103var\u0103, c\u00e2nd grupul marinarilor se dezvolt\u0103 pozitiv, vom merge intr-o tab\u0103r\u0103 de antrenament timp de trei zile. Aceste trei zile constau \u00eentr-o combina\u021bie de jocuri nebune, distractive, plimb\u0103ri provocatoare, gimnastic\u0103 de diminea\u021b\u0103 \u0219i momente \u00een care \u00eel c\u0103ut\u0103m \u00eempreun\u0103 pe Dumnezeu \u0219i \u00eendrumarea Lui \u00een vie\u021bile noastre.<\/p>\t\t\t\t\t\t\t\t<\/div>\n\t\t\t\t<\/div>\n\t\t\t\t\t<\/div>\n\t\t<\/div>\n\t\t\t\t<div class=\"elementor-column elementor-col-50 elementor-top-column elementor-element elementor-element-8e9a28d\" data-id=\"8e9a28d\" data-element_type=\"column\" data-e-type=\"column\">\n\t\t\t<div class=\"elementor-widget-wrap elementor-element-populated\">\n\t\t\t\t\t\t<div class=\"elementor-element elementor-element-c71510c elementor-widget elementor-widget-image\" data-id=\"c71510c\" data-element_type=\"widget\" data-e-type=\"widget\" data-widget_type=\"image.default\">\n\t\t\t\t<div class=\"elementor-widget-container\">\n\t\t\t\t\t\t\t\t\t\t\t\t\t\t\t<img fetchpriority=\"high\" decoding=\"async\" width=\"768\" height=\"626\" src=\"https:\/\/laleaua.nl\/cmccr\/wp-content\/uploads\/2020\/09\/4-1-e1601477060828-768x626.png\" class=\"attachment-medium_large size-medium_large wp-image-2132\" alt=\"\" srcset=\"https:\/\/laleaua.nl\/cmccr\/wp-content\/uploads\/2020\/09\/4-1-e1601477060828-768x626.png 768w, https:\/\/laleaua.nl\/cmccr\/wp-content\/uploads\/2020\/09\/4-1-e1601477060828-300x244.png 300w, https:\/\/laleaua.nl\/cmccr\/wp-content\/uploads\/2020\/09\/4-1-e1601477060828-1024x834.png 1024w, https:\/\/laleaua.nl\/cmccr\/wp-content\/uploads\/2020\/09\/4-1-e1601477060828-600x489.png 600w, https:\/\/laleaua.nl\/cmccr\/wp-content\/uploads\/2020\/09\/4-1-e1601477060828.png 1080w\" sizes=\"(max-width: 768px) 100vw, 768px\" \/>\t\t\t\t\t\t\t\t\t\t\t\t\t\t\t<\/div>\n\t\t\t\t<\/div>\n\t\t\t\t\t<\/div>\n\t\t<\/div>\n\t\t\t\t\t<\/div>\n\t\t<\/section>\n\t\t\t\t<\/div>\n\t\t","protected":false},"excerpt":{"rendered":"<p>Trupa Marinarilor Trupa Marinarilor este un club de adolescen\u021bi cre\u0219tini, care arat\u0103 ca o combina\u021bie \u00eentre un club de cercetare \u0219i de studiu biblic. Locul \u00een care disciplina, comunicarea, conducerea, cooperarea \u0219i urmarea lui Dumnezeu sunt centrale. A deveni un \u201eadev\u0103rat marinar\u201d este cel mai mare obiectiv! Scopul Scopul Trupei Marinarilor este ca to\u021bi adolescen\u021bii [&hellip;]<\/p>\n","protected":false},"author":2,"featured_media":0,"parent":0,"menu_order":0,"comment_status":"closed","ping_status":"closed","template":"elementor_header_footer","meta":{"footnotes":""},"class_list":["post-730","page","type-page","status-publish","hentry"],"_links":{"self":[{"href":"https:\/\/laleaua.nl\/cmccr\/wp-json\/wp\/v2\/pages\/730","targetHints":{"allow":["GET"]}}],"collection":[{"href":"https:\/\/laleaua.nl\/cmccr\/wp-json\/wp\/v2\/pages"}],"about":[{"href":"https:\/\/laleaua.nl\/cmccr\/wp-json\/wp\/v2\/types\/page"}],"author":[{"embeddable":true,"href":"https:\/\/laleaua.nl\/cmccr\/wp-json\/wp\/v2\/users\/2"}],"replies":[{"embeddable":true,"href":"https:\/\/laleaua.nl\/cmccr\/wp-json\/wp\/v2\/comments?post=730"}],"version-history":[{"count":81,"href":"https:\/\/laleaua.nl\/cmccr\/wp-json\/wp\/v2\/pages\/730\/revisions"}],"predecessor-version":[{"id":3189,"href":"https:\/\/laleaua.nl\/cmccr\/wp-json\/wp\/v2\/pages\/730\/revisions\/3189"}],"wp:attachment":[{"href":"https:\/\/laleaua.nl\/cmccr\/wp-json\/wp\/v2\/media?parent=730"}],"curies":[{"name":"wp","href":"https:\/\/api.w.org\/{rel}","templated":true}]}}