	{"id":743,"date":"2020-03-26T14:42:52","date_gmt":"2020-03-26T14:42:52","guid":{"rendered":"http:\/\/laleaua.nl\/cmcc\/?page_id=743"},"modified":"2026-04-23T13:06:53","modified_gmt":"2026-04-23T11:06:53","slug":"meidenclub","status":"publish","type":"page","link":"https:\/\/laleaua.nl\/cmccr\/meidenclub\/","title":{"rendered":"Clubul Fetelor"},"content":{"rendered":"\t\t<div data-elementor-type=\"wp-page\" data-elementor-id=\"743\" class=\"elementor elementor-743\">\n\t\t\t\t\t\t<section class=\"elementor-section elementor-top-section elementor-element elementor-element-7536ec2 elementor-section-boxed elementor-section-height-default elementor-section-height-default\" data-id=\"7536ec2\" data-element_type=\"section\" data-e-type=\"section\">\n\t\t\t\t\t\t<div class=\"elementor-container elementor-column-gap-default\">\n\t\t\t\t\t<div class=\"elementor-column elementor-col-100 elementor-top-column elementor-element elementor-element-3b224b3\" data-id=\"3b224b3\" data-element_type=\"column\" data-e-type=\"column\">\n\t\t\t<div class=\"elementor-widget-wrap elementor-element-populated\">\n\t\t\t\t\t\t<div class=\"elementor-element elementor-element-3def1e6 elementor-widget elementor-widget-heading\" data-id=\"3def1e6\" data-element_type=\"widget\" data-e-type=\"widget\" data-widget_type=\"heading.default\">\n\t\t\t\t<div class=\"elementor-widget-container\">\n\t\t\t\t\t<h2 class=\"elementor-heading-title elementor-size-default\">Clubul Fetelor<\/h2>\t\t\t\t<\/div>\n\t\t\t\t<\/div>\n\t\t\t\t\t<\/div>\n\t\t<\/div>\n\t\t\t\t\t<\/div>\n\t\t<\/section>\n\t\t\t\t<section class=\"elementor-section elementor-top-section elementor-element elementor-element-d8393bd elementor-section-boxed elementor-section-height-default elementor-section-height-default\" data-id=\"d8393bd\" data-element_type=\"section\" data-e-type=\"section\">\n\t\t\t\t\t\t<div class=\"elementor-container elementor-column-gap-default\">\n\t\t\t\t\t<div class=\"elementor-column elementor-col-100 elementor-top-column elementor-element elementor-element-6b10d09\" data-id=\"6b10d09\" data-element_type=\"column\" data-e-type=\"column\">\n\t\t\t<div class=\"elementor-widget-wrap elementor-element-populated\">\n\t\t\t\t\t\t<div class=\"elementor-element elementor-element-aec5ea1 elementor-widget elementor-widget-text-editor\" data-id=\"aec5ea1\" data-element_type=\"widget\" data-e-type=\"widget\" data-widget_type=\"text-editor.default\">\n\t\t\t\t<div class=\"elementor-widget-container\">\n\t\t\t\t\t\t\t\t\t<p>Clubul fetelor este locul in care vorbim despre via\u021ba lor de zi cu zi \u00a0a acestora \u0219i bazat pe Biblia le oferim informa\u021bii \u0219i perspective despre via\u021ba aceasta. <br \/>Juc\u0103m jocuri, color\u0103m, \u00eenv\u0103\u021b\u0103m \u0219i discut\u0103m \u00eentre noi.<\/p>\t\t\t\t\t\t\t\t<\/div>\n\t\t\t\t<\/div>\n\t\t\t\t\t<\/div>\n\t\t<\/div>\n\t\t\t\t\t<\/div>\n\t\t<\/section>\n\t\t\t\t<section class=\"elementor-section elementor-top-section elementor-element elementor-element-e4d534e elementor-section-stretched elementor-section-full_width elementor-section-height-default elementor-section-height-default\" data-id=\"e4d534e\" data-element_type=\"section\" data-e-type=\"section\" data-settings=\"{&quot;stretch_section&quot;:&quot;section-stretched&quot;}\">\n\t\t\t\t\t\t<div class=\"elementor-container elementor-column-gap-no\">\n\t\t\t\t\t<div class=\"elementor-column elementor-col-100 elementor-top-column elementor-element elementor-element-a01e965\" data-id=\"a01e965\" data-element_type=\"column\" data-e-type=\"column\">\n\t\t\t<div class=\"elementor-widget-wrap elementor-element-populated\">\n\t\t\t\t\t\t<div class=\"elementor-element elementor-element-7290163 elementor-arrows-position-inside elementor-pagination-position-outside elementor-widget elementor-widget-image-carousel\" data-id=\"7290163\" data-element_type=\"widget\" data-e-type=\"widget\" data-settings=\"{&quot;slides_to_show&quot;:&quot;2&quot;,&quot;navigation&quot;:&quot;both&quot;,&quot;autoplay&quot;:&quot;yes&quot;,&quot;pause_on_hover&quot;:&quot;yes&quot;,&quot;pause_on_interaction&quot;:&quot;yes&quot;,&quot;autoplay_speed&quot;:5000,&quot;infinite&quot;:&quot;yes&quot;,&quot;speed&quot;:500}\" data-widget_type=\"image-carousel.default\">\n\t\t\t\t<div class=\"elementor-widget-container\">\n\t\t\t\t\t\t\t<div class=\"elementor-image-carousel-wrapper swiper\" role=\"region\" aria-roledescription=\"carousel\" aria-label=\"Afbeelding carrousel\" dir=\"ltr\">\n\t\t\t<div class=\"elementor-image-carousel swiper-wrapper\" aria-live=\"off\">\n\t\t\t\t\t\t\t\t<div class=\"swiper-slide\" role=\"group\" aria-roledescription=\"slide\" aria-label=\"1 van 7\"><figure class=\"swiper-slide-inner\"><img decoding=\"async\" class=\"swiper-slide-image\" src=\"https:\/\/laleaua.nl\/cmccr\/wp-content\/uploads\/2020\/09\/E5C00AEB-0AE0-46F6-94F2-64A8E0B4369F-scaled.jpg\" alt=\"Processed with VSCO with f2 preset\" \/><\/figure><\/div><div class=\"swiper-slide\" role=\"group\" aria-roledescription=\"slide\" aria-label=\"2 van 7\"><figure class=\"swiper-slide-inner\"><img decoding=\"async\" class=\"swiper-slide-image\" src=\"https:\/\/laleaua.nl\/cmccr\/wp-content\/uploads\/2020\/07\/FB09E260-6B06-4A6F-9A0A-4B904DAB6995-scaled.jpg\" alt=\"Processed with VSCO with f2 preset\" \/><\/figure><\/div><div class=\"swiper-slide\" role=\"group\" aria-roledescription=\"slide\" aria-label=\"3 van 7\"><figure class=\"swiper-slide-inner\"><img decoding=\"async\" class=\"swiper-slide-image\" src=\"https:\/\/laleaua.nl\/cmccr\/wp-content\/uploads\/2020\/07\/2E620F0C-4B18-4DAD-9E03-CE1D85219D56-scaled.jpg\" alt=\"Processed with VSCO with c1 preset\" \/><\/figure><\/div><div class=\"swiper-slide\" role=\"group\" aria-roledescription=\"slide\" aria-label=\"4 van 7\"><figure class=\"swiper-slide-inner\"><img decoding=\"async\" class=\"swiper-slide-image\" src=\"https:\/\/laleaua.nl\/cmccr\/wp-content\/uploads\/2020\/07\/15D8785F-1EF7-4683-8AB2-8B1D46864EA1-scaled.jpg\" alt=\"Processed with VSCO with f2 preset\" \/><\/figure><\/div><div class=\"swiper-slide\" role=\"group\" aria-roledescription=\"slide\" aria-label=\"5 van 7\"><figure class=\"swiper-slide-inner\"><img decoding=\"async\" class=\"swiper-slide-image\" src=\"https:\/\/laleaua.nl\/cmccr\/wp-content\/uploads\/2020\/07\/E583453E-A138-4A76-A06E-53BAEC9FA22E-scaled.jpg\" alt=\"Processed with VSCO with f2 preset\" \/><\/figure><\/div><div class=\"swiper-slide\" role=\"group\" aria-roledescription=\"slide\" aria-label=\"6 van 7\"><figure class=\"swiper-slide-inner\"><img decoding=\"async\" class=\"swiper-slide-image\" src=\"https:\/\/laleaua.nl\/cmccr\/wp-content\/uploads\/2020\/09\/78BC8180-8D13-41BE-9C41-407F540C0C6F-scaled.jpg\" alt=\"Processed with VSCO with c1 preset\" \/><\/figure><\/div><div class=\"swiper-slide\" role=\"group\" aria-roledescription=\"slide\" aria-label=\"7 van 7\"><figure class=\"swiper-slide-inner\"><img decoding=\"async\" class=\"swiper-slide-image\" src=\"https:\/\/laleaua.nl\/cmccr\/wp-content\/uploads\/2020\/07\/75FA74D6-CE5F-4523-8B71-08588CC71A73-scaled.jpg\" alt=\"Processed with VSCO with f2 preset\" \/><\/figure><\/div>\t\t\t<\/div>\n\t\t\t\t\t\t\t\t\t\t\t\t<div class=\"elementor-swiper-button elementor-swiper-button-prev\" role=\"button\" tabindex=\"0\">\n\t\t\t\t\t\t<i aria-hidden=\"true\" class=\"eicon-chevron-left\"><\/i>\t\t\t\t\t<\/div>\n\t\t\t\t\t<div class=\"elementor-swiper-button elementor-swiper-button-next\" role=\"button\" tabindex=\"0\">\n\t\t\t\t\t\t<i aria-hidden=\"true\" class=\"eicon-chevron-right\"><\/i>\t\t\t\t\t<\/div>\n\t\t\t\t\n\t\t\t\t\t\t\t\t\t<div class=\"swiper-pagination\"><\/div>\n\t\t\t\t\t\t\t\t\t<\/div>\n\t\t\t\t\t\t<\/div>\n\t\t\t\t<\/div>\n\t\t\t\t\t<\/div>\n\t\t<\/div>\n\t\t\t\t\t<\/div>\n\t\t<\/section>\n\t\t\t\t<section class=\"elementor-section elementor-top-section elementor-element elementor-element-38a5c4a elementor-section-boxed elementor-section-height-default elementor-section-height-default\" data-id=\"38a5c4a\" data-element_type=\"section\" data-e-type=\"section\">\n\t\t\t\t\t\t<div class=\"elementor-container elementor-column-gap-default\">\n\t\t\t\t\t<div class=\"elementor-column elementor-col-50 elementor-top-column elementor-element elementor-element-dc89938\" data-id=\"dc89938\" data-element_type=\"column\" data-e-type=\"column\">\n\t\t\t<div class=\"elementor-widget-wrap\">\n\t\t\t\t\t\t\t<\/div>\n\t\t<\/div>\n\t\t\t\t<div class=\"elementor-column elementor-col-50 elementor-top-column elementor-element elementor-element-f7f5bbb\" data-id=\"f7f5bbb\" data-element_type=\"column\" data-e-type=\"column\">\n\t\t\t<div class=\"elementor-widget-wrap elementor-element-populated\">\n\t\t\t\t\t\t<div class=\"elementor-element elementor-element-fac5ec8 elementor-widget elementor-widget-heading\" data-id=\"fac5ec8\" data-element_type=\"widget\" data-e-type=\"widget\" data-widget_type=\"heading.default\">\n\t\t\t\t<div class=\"elementor-widget-container\">\n\t\t\t\t\t<h2 class=\"elementor-heading-title elementor-size-default\">Scopul<\/h2>\t\t\t\t<\/div>\n\t\t\t\t<\/div>\n\t\t\t\t\t<\/div>\n\t\t<\/div>\n\t\t\t\t\t<\/div>\n\t\t<\/section>\n\t\t\t\t<section class=\"elementor-section elementor-top-section elementor-element elementor-element-22872ba elementor-section-boxed elementor-section-height-default elementor-section-height-default\" data-id=\"22872ba\" data-element_type=\"section\" data-e-type=\"section\">\n\t\t\t\t\t\t<div class=\"elementor-container elementor-column-gap-default\">\n\t\t\t\t\t<div class=\"elementor-column elementor-col-50 elementor-top-column elementor-element elementor-element-954a91c\" data-id=\"954a91c\" data-element_type=\"column\" data-e-type=\"column\">\n\t\t\t<div class=\"elementor-widget-wrap\">\n\t\t\t\t\t\t\t<\/div>\n\t\t<\/div>\n\t\t\t\t<div class=\"elementor-column elementor-col-50 elementor-top-column elementor-element elementor-element-4486a35\" data-id=\"4486a35\" data-element_type=\"column\" data-e-type=\"column\">\n\t\t\t<div class=\"elementor-widget-wrap elementor-element-populated\">\n\t\t\t\t\t\t<div class=\"elementor-element elementor-element-4c05bde elementor-widget elementor-widget-text-editor\" data-id=\"4c05bde\" data-element_type=\"widget\" data-e-type=\"widget\" data-widget_type=\"text-editor.default\">\n\t\t\t\t<div class=\"elementor-widget-container\">\n\t\t\t\t\t\t\t\t\t<p>Scopul clubului de fete este de a transfera informa\u021bii \u0219i cuno\u0219tin\u021be, astfel \u00eenc\u00e2t fetele pot ob\u021bine mai multe introspec\u021bie \u00een propria lor via\u021ba de zi cu zi. \u00cen plus, le \u00eendrum\u0103m pe fete \u00een c\u0103utarea \u0219i cunoa\u0219terea lui Dumnezeu, astfel \u00eenc\u00e2t p\u00e2n\u0103 la urm\u0103 El va fi Cel care influen\u021beaz\u0103 alegerile lor.<\/p>\t\t\t\t\t\t\t\t<\/div>\n\t\t\t\t<\/div>\n\t\t\t\t\t<\/div>\n\t\t<\/div>\n\t\t\t\t\t<\/div>\n\t\t<\/section>\n\t\t\t\t<section class=\"elementor-section elementor-top-section elementor-element elementor-element-7fb542a elementor-section-boxed elementor-section-height-default elementor-section-height-default\" data-id=\"7fb542a\" data-element_type=\"section\" data-e-type=\"section\">\n\t\t\t\t\t\t<div class=\"elementor-container elementor-column-gap-default\">\n\t\t\t\t\t<div class=\"elementor-column elementor-col-50 elementor-top-column elementor-element elementor-element-63b9075\" data-id=\"63b9075\" data-element_type=\"column\" data-e-type=\"column\">\n\t\t\t<div class=\"elementor-widget-wrap elementor-element-populated\">\n\t\t\t\t\t\t<div class=\"elementor-element elementor-element-6354ed8 elementor-widget elementor-widget-heading\" data-id=\"6354ed8\" data-element_type=\"widget\" data-e-type=\"widget\" data-widget_type=\"heading.default\">\n\t\t\t\t<div class=\"elementor-widget-container\">\n\t\t\t\t\t<h2 class=\"elementor-heading-title elementor-size-default\">\u00cenceputul<\/h2>\t\t\t\t<\/div>\n\t\t\t\t<\/div>\n\t\t\t\t<div class=\"elementor-element elementor-element-26797c8 elementor-widget elementor-widget-text-editor\" data-id=\"26797c8\" data-element_type=\"widget\" data-e-type=\"widget\" data-widget_type=\"text-editor.default\">\n\t\t\t\t<div class=\"elementor-widget-container\">\n\t\t\t\t\t\t\t\t\t<p>\u00cen 2009 am descoperit o lips\u0103 de cuno\u0219tin\u021be \u0219i \u00eencredere \u00een sine \u00een grupul de copii \u0219i adolescen\u021bi din programul After School, \u00een special la fetele adolescente. Acas\u0103 se discut\u0103 pu\u021bin despre problemele cu care se confrunt\u0103 fetele \u0219i cu care se lupt\u0103. Am \u00eenceput apoi cu un grup mic de fete \u0219i de acolo am dezvoltat o metod\u0103 pentru Clubul fetelor.<br \/><br \/>De-a lungul anilor, am organizat uneori dou\u0103 sau trei cluburi de fete \u00een acela\u0219i sezon, grupuri de p\u00e2n\u0103 la 14-16 fete. Este o provocare pe termen lung, deoarece fetele sunt adesea foarte influen\u021bate de mediul \u00een care cresc. Majoritatea fetelor se c\u0103s\u0103toresc\u00a0 \u00eenainte de a \u00eemplinii 16 ani \u0219i de obicei ajung \u00eentr-o rela\u021bie nes\u0103n\u0103toas\u0103. Le este greu s\u0103 conduc\u0103 o familie, ceea ce \u00eenseamn\u0103 c\u0103 \u0219i copiii lor se confrunt\u0103 cu un viitor incert. Sper\u0103m \u0219i ne rug\u0103m ca acest cerc vicios, cu ajutorul lui Dumnezeu, s\u0103 fie spart \u00eentr-o zi.<\/p>\t\t\t\t\t\t\t\t<\/div>\n\t\t\t\t<\/div>\n\t\t\t\t\t<\/div>\n\t\t<\/div>\n\t\t\t\t<div class=\"elementor-column elementor-col-50 elementor-top-column elementor-element elementor-element-0d2d92e\" data-id=\"0d2d92e\" data-element_type=\"column\" data-e-type=\"column\">\n\t\t\t<div class=\"elementor-widget-wrap\">\n\t\t\t\t\t\t\t<\/div>\n\t\t<\/div>\n\t\t\t\t\t<\/div>\n\t\t<\/section>\n\t\t\t\t<section class=\"elementor-section elementor-top-section elementor-element elementor-element-d87fa72 elementor-section-boxed elementor-section-height-default elementor-section-height-default\" data-id=\"d87fa72\" data-element_type=\"section\" data-e-type=\"section\">\n\t\t\t\t\t\t<div class=\"elementor-container elementor-column-gap-default\">\n\t\t\t\t\t<div class=\"elementor-column elementor-col-50 elementor-top-column elementor-element elementor-element-86bc71e\" data-id=\"86bc71e\" data-element_type=\"column\" data-e-type=\"column\">\n\t\t\t<div class=\"elementor-widget-wrap\">\n\t\t\t\t\t\t\t<\/div>\n\t\t<\/div>\n\t\t\t\t<div class=\"elementor-column elementor-col-50 elementor-top-column elementor-element elementor-element-0a6f7b1\" data-id=\"0a6f7b1\" data-element_type=\"column\" data-e-type=\"column\">\n\t\t\t<div class=\"elementor-widget-wrap elementor-element-populated\">\n\t\t\t\t\t\t<div class=\"elementor-element elementor-element-3686fc5 elementor-widget elementor-widget-heading\" data-id=\"3686fc5\" data-element_type=\"widget\" data-e-type=\"widget\" data-widget_type=\"heading.default\">\n\t\t\t\t<div class=\"elementor-widget-container\">\n\t\t\t\t\t<h2 class=\"elementor-heading-title elementor-size-default\">Cum arat\u0103 programul?<\/h2>\t\t\t\t<\/div>\n\t\t\t\t<\/div>\n\t\t\t\t<div class=\"elementor-element elementor-element-0efd61a elementor-widget elementor-widget-text-editor\" data-id=\"0efd61a\" data-element_type=\"widget\" data-e-type=\"widget\" data-widget_type=\"text-editor.default\">\n\t\t\t\t<div class=\"elementor-widget-container\">\n\t\t\t\t\t\t\t\t\t<p>\u00centr-un mod personal, prelu\u0103m fetele de acas\u0103, altfel mamele lor nu \u00a0le vor l\u0103sa s\u0103 plece. La sosire vorbim \u0219i aflam cum se simte toat\u0103 lumea, \u00een timp ce ne bucur\u0103m de un ceai (\u00een iarn\u0103).\u00a0 \u00cencepem cu un moment de rug\u0103ciune, c\u00e2nt\u0103m c\u00e2ntece \u0219i \u00eenv\u0103\u021b\u0103m un verset biblic. Apoi urmeaz\u0103 lec\u021bia, alternat\u0103 cu un joc sau o sarcin\u0103 de scriere pentru a clarifica subiectul de discutat. Lec\u021biile sunt, printre altele, despre rela\u021bii, emo\u021bii, elemente fizice \u0219i mentale ale pubert\u0103\u021bii, menstrua\u021biei \u0219i sexualit\u0103\u021bii. \u00cenv\u0103\u021b\u0103m toate lec\u021biile \u00een lumina Bibliei \u0219i a faptului c\u0103 suntem crea\u021bi pentru a tr\u0103i spre slava lui Dumnezeu. Dup\u0103 aceea color\u0103m \u0219i discut\u0103m. Uneori mai derul\u0103m \u0219i alte jocuri distractive, ca de exemplu scaunul muzical.Ducem fetele acas\u0103 \u0219i speram c\u0103 vor veni din nou data viitoare.<\/p>\t\t\t\t\t\t\t\t<\/div>\n\t\t\t\t<\/div>\n\t\t\t\t<div class=\"elementor-element elementor-element-78c1e84 elementor-widget elementor-widget-spacer\" data-id=\"78c1e84\" data-element_type=\"widget\" data-e-type=\"widget\" data-widget_type=\"spacer.default\">\n\t\t\t\t<div class=\"elementor-widget-container\">\n\t\t\t\t\t\t\t<div class=\"elementor-spacer\">\n\t\t\t<div class=\"elementor-spacer-inner\"><\/div>\n\t\t<\/div>\n\t\t\t\t\t\t<\/div>\n\t\t\t\t<\/div>\n\t\t\t\t\t<\/div>\n\t\t<\/div>\n\t\t\t\t\t<\/div>\n\t\t<\/section>\n\t\t\t\t<section class=\"elementor-section elementor-top-section elementor-element elementor-element-4e16f93 elementor-section-boxed elementor-section-height-default elementor-section-height-default\" data-id=\"4e16f93\" data-element_type=\"section\" data-e-type=\"section\">\n\t\t\t\t\t\t<div class=\"elementor-container elementor-column-gap-default\">\n\t\t\t\t\t<div class=\"elementor-column elementor-col-50 elementor-top-column elementor-element elementor-element-9a083c8\" data-id=\"9a083c8\" data-element_type=\"column\" data-e-type=\"column\">\n\t\t\t<div class=\"elementor-widget-wrap elementor-element-populated\">\n\t\t\t\t\t\t<div class=\"elementor-element elementor-element-34cbf74 elementor-widget elementor-widget-heading\" data-id=\"34cbf74\" data-element_type=\"widget\" data-e-type=\"widget\" data-widget_type=\"heading.default\">\n\t\t\t\t<div class=\"elementor-widget-container\">\n\t\t\t\t\t<h2 class=\"elementor-heading-title elementor-size-default\">Are sens?<\/h2>\t\t\t\t<\/div>\n\t\t\t\t<\/div>\n\t\t\t\t<div class=\"elementor-element elementor-element-97090bf elementor-widget elementor-widget-text-editor\" data-id=\"97090bf\" data-element_type=\"widget\" data-e-type=\"widget\" data-widget_type=\"text-editor.default\">\n\t\t\t\t<div class=\"elementor-widget-container\">\n\t\t\t\t\t\t\t\t\t<p>Are clubul fetelor sens? Ne \u00eentreb\u0103m \u00een mod regulat acest lucru. Fetele se mai c\u0103s\u0103toresc \u00eenainte de v\u00e2rsta de 18 ani? Din pacate, da. \u00a0Fac \u00eentotdeauna alegerea potrivit\u0103 pentru un b\u0103rbat potrivit? De multe ori nu. Tinerele mame nu mai ajung\u00a0 \u00een situa\u021bii de abuz \u0219i nedreptate? \u00cenc\u0103 de multe ori. Sunt mamele capabile s\u0103 fie independente din punct de vedere financiar? Aproape niciodat\u0103.<br \/><br \/>Dar atunci care este efectul clubului fetelor dupa mai mult de zece ani? Acord\u0103m o aten\u021bie deosebit\u0103 transferului de cuno\u0219tin\u021be despre fapte reale, cum ar fi anatomia sau despre cauzele \/ consecin\u021bele \u00a0\u00een rela\u021bii. \u00cen plus, primim reac\u021bii promi\u021b\u0103toare din genera\u021biile tinerelor mame. O t\u00e2n\u0103r\u0103 mam\u0103 a spus c\u0103 regret\u0103 alegerile pe care le-a f\u0103cut pe cand o feti\u021b\u0103 de 15 ani \u0219i acum face tot ce poate pentru a-\u0219i \u00eempiedica fiica s\u0103 fac\u0103 asta. \u201eA\u021bi avut dreptate,\u201c este o declara\u021bie frecvent auzita de la grupul de fete care f\u0103ceau parte din clubul fetelor.\u00a0 Privim dincolo de genera\u021bii \u0219i sper\u0103m c\u0103 putem influen\u021ba fetele \u00eentr-un mod bun \u0219i constructiv. Facem ce putem; sem\u0103n\u0103m \u0219i apoi o pred\u0103m Tat\u0103lui nostru Ceresc<br \/><br \/><\/p>\t\t\t\t\t\t\t\t<\/div>\n\t\t\t\t<\/div>\n\t\t\t\t\t<\/div>\n\t\t<\/div>\n\t\t\t\t<div class=\"elementor-column elementor-col-50 elementor-top-column elementor-element elementor-element-6814ad1\" data-id=\"6814ad1\" data-element_type=\"column\" data-e-type=\"column\">\n\t\t\t<div class=\"elementor-widget-wrap elementor-element-populated\">\n\t\t\t\t\t\t<div class=\"elementor-element elementor-element-f96769f elementor-widget elementor-widget-spacer\" data-id=\"f96769f\" data-element_type=\"widget\" data-e-type=\"widget\" data-widget_type=\"spacer.default\">\n\t\t\t\t<div class=\"elementor-widget-container\">\n\t\t\t\t\t\t\t<div class=\"elementor-spacer\">\n\t\t\t<div class=\"elementor-spacer-inner\"><\/div>\n\t\t<\/div>\n\t\t\t\t\t\t<\/div>\n\t\t\t\t<\/div>\n\t\t\t\t<div class=\"elementor-element elementor-element-4ff1c07 elementor-widget elementor-widget-image\" data-id=\"4ff1c07\" data-element_type=\"widget\" data-e-type=\"widget\" data-widget_type=\"image.default\">\n\t\t\t\t<div class=\"elementor-widget-container\">\n\t\t\t\t\t\t\t\t\t\t\t\t\t\t\t<img fetchpriority=\"high\" decoding=\"async\" width=\"1024\" height=\"1024\" src=\"https:\/\/laleaua.nl\/cmccr\/wp-content\/uploads\/2020\/06\/Bloemen-tuin-03-1024x1024.png\" class=\"attachment-large size-large wp-image-1523\" alt=\"\" srcset=\"https:\/\/laleaua.nl\/cmccr\/wp-content\/uploads\/2020\/06\/Bloemen-tuin-03-1024x1024.png 1024w, https:\/\/laleaua.nl\/cmccr\/wp-content\/uploads\/2020\/06\/Bloemen-tuin-03-300x300.png 300w, https:\/\/laleaua.nl\/cmccr\/wp-content\/uploads\/2020\/06\/Bloemen-tuin-03-150x150.png 150w, https:\/\/laleaua.nl\/cmccr\/wp-content\/uploads\/2020\/06\/Bloemen-tuin-03-768x768.png 768w, https:\/\/laleaua.nl\/cmccr\/wp-content\/uploads\/2020\/06\/Bloemen-tuin-03-1536x1536.png 1536w, https:\/\/laleaua.nl\/cmccr\/wp-content\/uploads\/2020\/06\/Bloemen-tuin-03-600x600.png 600w, https:\/\/laleaua.nl\/cmccr\/wp-content\/uploads\/2020\/06\/Bloemen-tuin-03-100x100.png 100w, https:\/\/laleaua.nl\/cmccr\/wp-content\/uploads\/2020\/06\/Bloemen-tuin-03.png 1773w\" sizes=\"(max-width: 1024px) 100vw, 1024px\" \/>\t\t\t\t\t\t\t\t\t\t\t\t\t\t\t<\/div>\n\t\t\t\t<\/div>\n\t\t\t\t\t<\/div>\n\t\t<\/div>\n\t\t\t\t\t<\/div>\n\t\t<\/section>\n\t\t\t\t<\/div>\n\t\t","protected":false},"excerpt":{"rendered":"<p>Clubul Fetelor Clubul fetelor este locul in care vorbim despre via\u021ba lor de zi cu zi \u00a0a acestora \u0219i bazat pe Biblia le oferim informa\u021bii \u0219i perspective despre via\u021ba aceasta. Juc\u0103m jocuri, color\u0103m, \u00eenv\u0103\u021b\u0103m \u0219i discut\u0103m \u00eentre noi. Scopul Scopul clubului de fete este de a transfera informa\u021bii \u0219i cuno\u0219tin\u021be, astfel \u00eenc\u00e2t fetele pot ob\u021bine [&hellip;]<\/p>\n","protected":false},"author":2,"featured_media":0,"parent":0,"menu_order":0,"comment_status":"closed","ping_status":"closed","template":"elementor_header_footer","meta":{"footnotes":""},"class_list":["post-743","page","type-page","status-publish","hentry"],"_links":{"self":[{"href":"https:\/\/laleaua.nl\/cmccr\/wp-json\/wp\/v2\/pages\/743","targetHints":{"allow":["GET"]}}],"collection":[{"href":"https:\/\/laleaua.nl\/cmccr\/wp-json\/wp\/v2\/pages"}],"about":[{"href":"https:\/\/laleaua.nl\/cmccr\/wp-json\/wp\/v2\/types\/page"}],"author":[{"embeddable":true,"href":"https:\/\/laleaua.nl\/cmccr\/wp-json\/wp\/v2\/users\/2"}],"replies":[{"embeddable":true,"href":"https:\/\/laleaua.nl\/cmccr\/wp-json\/wp\/v2\/comments?post=743"}],"version-history":[{"count":89,"href":"https:\/\/laleaua.nl\/cmccr\/wp-json\/wp\/v2\/pages\/743\/revisions"}],"predecessor-version":[{"id":3180,"href":"https:\/\/laleaua.nl\/cmccr\/wp-json\/wp\/v2\/pages\/743\/revisions\/3180"}],"wp:attachment":[{"href":"https:\/\/laleaua.nl\/cmccr\/wp-json\/wp\/v2\/media?parent=743"}],"curies":[{"name":"wp","href":"https:\/\/api.w.org\/{rel}","templated":true}]}}