	{"id":763,"date":"2020-03-26T14:58:02","date_gmt":"2020-03-26T14:58:02","guid":{"rendered":"http:\/\/laleaua.nl\/cmcc\/?page_id=763"},"modified":"2026-04-23T13:09:44","modified_gmt":"2026-04-23T11:09:44","slug":"sport","status":"publish","type":"page","link":"https:\/\/laleaua.nl\/cmccr\/sport\/","title":{"rendered":"Fotbal"},"content":{"rendered":"\t\t<div data-elementor-type=\"wp-page\" data-elementor-id=\"763\" class=\"elementor elementor-763\">\n\t\t\t\t\t\t<section class=\"elementor-section elementor-top-section elementor-element elementor-element-3df48ce elementor-section-boxed elementor-section-height-default elementor-section-height-default\" data-id=\"3df48ce\" data-element_type=\"section\" data-e-type=\"section\">\n\t\t\t\t\t\t<div class=\"elementor-container elementor-column-gap-default\">\n\t\t\t\t\t<div class=\"elementor-column elementor-col-100 elementor-top-column elementor-element elementor-element-e6431c1\" data-id=\"e6431c1\" data-element_type=\"column\" data-e-type=\"column\">\n\t\t\t<div class=\"elementor-widget-wrap elementor-element-populated\">\n\t\t\t\t\t\t<div class=\"elementor-element elementor-element-24a8844 elementor-widget elementor-widget-heading\" data-id=\"24a8844\" data-element_type=\"widget\" data-e-type=\"widget\" data-widget_type=\"heading.default\">\n\t\t\t\t<div class=\"elementor-widget-container\">\n\t\t\t\t\t<h2 class=\"elementor-heading-title elementor-size-default\">Fotbal<\/h2>\t\t\t\t<\/div>\n\t\t\t\t<\/div>\n\t\t\t\t\t<\/div>\n\t\t<\/div>\n\t\t\t\t\t<\/div>\n\t\t<\/section>\n\t\t\t\t<section class=\"elementor-section elementor-top-section elementor-element elementor-element-a2b415a elementor-section-boxed elementor-section-height-default elementor-section-height-default\" data-id=\"a2b415a\" data-element_type=\"section\" data-e-type=\"section\">\n\t\t\t\t\t\t<div class=\"elementor-container elementor-column-gap-default\">\n\t\t\t\t\t<div class=\"elementor-column elementor-col-100 elementor-top-column elementor-element elementor-element-561b934\" data-id=\"561b934\" data-element_type=\"column\" data-e-type=\"column\">\n\t\t\t<div class=\"elementor-widget-wrap elementor-element-populated\">\n\t\t\t\t\t\t<div class=\"elementor-element elementor-element-850f054 elementor-widget elementor-widget-text-editor\" data-id=\"850f054\" data-element_type=\"widget\" data-e-type=\"widget\" data-widget_type=\"text-editor.default\">\n\t\t\t\t<div class=\"elementor-widget-container\">\n\t\t\t\t\t\t\t\t\t<p>Programul de fotbal const\u0103 \u00eentr-un antrenament s\u0103pt\u0103m\u00e2nal de fotbal \u0219i o competi\u021bie intre noi. A juca un meci de fotbal \u00een fiecare s\u0103pt\u0103m\u00e2n\u0103 este o recompens\u0103 \u0219i un stimulent pentru b\u0103ie\u021bi pentru a merge la \u0219coal\u0103.<\/p>\t\t\t\t\t\t\t\t<\/div>\n\t\t\t\t<\/div>\n\t\t\t\t\t<\/div>\n\t\t<\/div>\n\t\t\t\t\t<\/div>\n\t\t<\/section>\n\t\t\t\t<section class=\"elementor-section elementor-top-section elementor-element elementor-element-8c39ec3 elementor-section-full_width elementor-section-stretched elementor-section-height-default elementor-section-height-default\" data-id=\"8c39ec3\" data-element_type=\"section\" data-e-type=\"section\" data-settings=\"{&quot;stretch_section&quot;:&quot;section-stretched&quot;}\">\n\t\t\t\t\t\t<div class=\"elementor-container elementor-column-gap-default\">\n\t\t\t\t\t<div class=\"elementor-column elementor-col-100 elementor-top-column elementor-element elementor-element-495f176\" data-id=\"495f176\" data-element_type=\"column\" data-e-type=\"column\">\n\t\t\t<div class=\"elementor-widget-wrap elementor-element-populated\">\n\t\t\t\t\t\t<div class=\"elementor-element elementor-element-5f9190a elementor-widget elementor-widget-image-carousel\" data-id=\"5f9190a\" data-element_type=\"widget\" data-e-type=\"widget\" data-settings=\"{&quot;slides_to_show&quot;:&quot;2&quot;,&quot;slides_to_scroll&quot;:&quot;1&quot;,&quot;navigation&quot;:&quot;none&quot;,&quot;autoplay&quot;:&quot;yes&quot;,&quot;pause_on_hover&quot;:&quot;yes&quot;,&quot;pause_on_interaction&quot;:&quot;yes&quot;,&quot;autoplay_speed&quot;:5000,&quot;infinite&quot;:&quot;yes&quot;,&quot;speed&quot;:500,&quot;image_spacing_custom&quot;:{&quot;unit&quot;:&quot;px&quot;,&quot;size&quot;:20,&quot;sizes&quot;:[]},&quot;image_spacing_custom_tablet&quot;:{&quot;unit&quot;:&quot;px&quot;,&quot;size&quot;:&quot;&quot;,&quot;sizes&quot;:[]},&quot;image_spacing_custom_mobile&quot;:{&quot;unit&quot;:&quot;px&quot;,&quot;size&quot;:&quot;&quot;,&quot;sizes&quot;:[]}}\" data-widget_type=\"image-carousel.default\">\n\t\t\t\t<div class=\"elementor-widget-container\">\n\t\t\t\t\t\t\t<div class=\"elementor-image-carousel-wrapper swiper\" role=\"region\" aria-roledescription=\"carousel\" aria-label=\"Afbeelding carrousel\" dir=\"ltr\">\n\t\t\t<div class=\"elementor-image-carousel swiper-wrapper\" aria-live=\"off\">\n\t\t\t\t\t\t\t\t<div class=\"swiper-slide\" role=\"group\" aria-roledescription=\"slide\" aria-label=\"1 van 4\"><figure class=\"swiper-slide-inner\"><img decoding=\"async\" class=\"swiper-slide-image\" src=\"https:\/\/laleaua.nl\/cmccr\/wp-content\/uploads\/2020\/10\/65708CA1-D6AC-4576-B2CE-52000D4B2894-1536x1021.jpg\" alt=\"Processed with VSCO with c1 preset\" \/><\/figure><\/div><div class=\"swiper-slide\" role=\"group\" aria-roledescription=\"slide\" aria-label=\"2 van 4\"><figure class=\"swiper-slide-inner\"><img decoding=\"async\" class=\"swiper-slide-image\" src=\"https:\/\/laleaua.nl\/cmccr\/wp-content\/uploads\/2020\/10\/99E7100A-1886-46B0-831D-DB59DC3F82BC-scaled-e1604325129769-1536x1010.jpg\" alt=\"Processed with VSCO with c1 preset\" \/><\/figure><\/div><div class=\"swiper-slide\" role=\"group\" aria-roledescription=\"slide\" aria-label=\"3 van 4\"><figure class=\"swiper-slide-inner\"><img decoding=\"async\" class=\"swiper-slide-image\" src=\"https:\/\/laleaua.nl\/cmccr\/wp-content\/uploads\/2020\/10\/10DB7995-A488-4520-83EA-3A142B10080F-1536x1021.jpg\" alt=\"Processed with VSCO with c1 preset\" \/><\/figure><\/div><div class=\"swiper-slide\" role=\"group\" aria-roledescription=\"slide\" aria-label=\"4 van 4\"><figure class=\"swiper-slide-inner\"><img decoding=\"async\" class=\"swiper-slide-image\" src=\"https:\/\/laleaua.nl\/cmccr\/wp-content\/uploads\/2020\/10\/07FD2579-CE05-4E60-B891-43D854AE8289-1536x1021.jpg\" alt=\"Processed with VSCO with c1 preset\" \/><\/figure><\/div>\t\t\t<\/div>\n\t\t\t\t\t\t\t\n\t\t\t\t\t\t\t\t\t<\/div>\n\t\t\t\t\t\t<\/div>\n\t\t\t\t<\/div>\n\t\t\t\t\t<\/div>\n\t\t<\/div>\n\t\t\t\t\t<\/div>\n\t\t<\/section>\n\t\t\t\t<section class=\"elementor-section elementor-top-section elementor-element elementor-element-326a63d elementor-section-full_width elementor-section-stretched elementor-section-height-default elementor-section-height-default\" data-id=\"326a63d\" data-element_type=\"section\" data-e-type=\"section\" data-settings=\"{&quot;stretch_section&quot;:&quot;section-stretched&quot;}\">\n\t\t\t\t\t\t<div class=\"elementor-container elementor-column-gap-no\">\n\t\t\t\t\t<div class=\"elementor-column elementor-col-100 elementor-top-column elementor-element elementor-element-194b029\" data-id=\"194b029\" data-element_type=\"column\" data-e-type=\"column\">\n\t\t\t<div class=\"elementor-widget-wrap elementor-element-populated\">\n\t\t\t\t\t\t<div class=\"elementor-element elementor-element-e3e9ad3 elementor-widget elementor-widget-image-carousel\" data-id=\"e3e9ad3\" data-element_type=\"widget\" data-e-type=\"widget\" data-settings=\"{&quot;slides_to_show&quot;:&quot;2&quot;,&quot;navigation&quot;:&quot;none&quot;,&quot;slides_to_scroll&quot;:&quot;1&quot;,&quot;autoplay&quot;:&quot;yes&quot;,&quot;pause_on_hover&quot;:&quot;yes&quot;,&quot;pause_on_interaction&quot;:&quot;yes&quot;,&quot;autoplay_speed&quot;:5000,&quot;infinite&quot;:&quot;yes&quot;,&quot;speed&quot;:500,&quot;image_spacing_custom&quot;:{&quot;unit&quot;:&quot;px&quot;,&quot;size&quot;:20,&quot;sizes&quot;:[]},&quot;image_spacing_custom_tablet&quot;:{&quot;unit&quot;:&quot;px&quot;,&quot;size&quot;:&quot;&quot;,&quot;sizes&quot;:[]},&quot;image_spacing_custom_mobile&quot;:{&quot;unit&quot;:&quot;px&quot;,&quot;size&quot;:&quot;&quot;,&quot;sizes&quot;:[]}}\" data-widget_type=\"image-carousel.default\">\n\t\t\t\t<div class=\"elementor-widget-container\">\n\t\t\t\t\t\t\t<div class=\"elementor-image-carousel-wrapper swiper\" role=\"region\" aria-roledescription=\"carousel\" aria-label=\"Afbeelding carrousel\" dir=\"ltr\">\n\t\t\t<div class=\"elementor-image-carousel swiper-wrapper\" aria-live=\"off\">\n\t\t\t\t\t\t\t\t<div class=\"swiper-slide\" role=\"group\" aria-roledescription=\"slide\" aria-label=\"1 van 4\"><figure class=\"swiper-slide-inner\"><img decoding=\"async\" class=\"swiper-slide-image\" src=\"https:\/\/laleaua.nl\/cmccr\/wp-content\/uploads\/2020\/10\/90DE1A8E-E45B-43D2-95F2-41D2510DA5F9-1536x1021.jpg\" alt=\"Processed with VSCO with c1 preset\" \/><\/figure><\/div><div class=\"swiper-slide\" role=\"group\" aria-roledescription=\"slide\" aria-label=\"2 van 4\"><figure class=\"swiper-slide-inner\"><img decoding=\"async\" class=\"swiper-slide-image\" src=\"https:\/\/laleaua.nl\/cmccr\/wp-content\/uploads\/2020\/10\/5421C1E8-87BA-4102-AE58-011ADCCAFA00-1536x1021.jpg\" alt=\"Processed with VSCO with c1 preset\" \/><\/figure><\/div><div class=\"swiper-slide\" role=\"group\" aria-roledescription=\"slide\" aria-label=\"3 van 4\"><figure class=\"swiper-slide-inner\"><img decoding=\"async\" class=\"swiper-slide-image\" src=\"https:\/\/laleaua.nl\/cmccr\/wp-content\/uploads\/2020\/10\/E7CFE216-0235-4F82-BA96-7DCD2C7276F0-1536x1021.jpg\" alt=\"Processed with VSCO with c1 preset\" \/><\/figure><\/div><div class=\"swiper-slide\" role=\"group\" aria-roledescription=\"slide\" aria-label=\"4 van 4\"><figure class=\"swiper-slide-inner\"><img decoding=\"async\" class=\"swiper-slide-image\" src=\"https:\/\/laleaua.nl\/cmccr\/wp-content\/uploads\/2020\/10\/9B928A7E-0D45-4DA4-9C8D-44A15B59A8E4-1536x1021.jpg\" alt=\"Processed with VSCO with c1 preset\" \/><\/figure><\/div>\t\t\t<\/div>\n\t\t\t\t\t\t\t\n\t\t\t\t\t\t\t\t\t<\/div>\n\t\t\t\t\t\t<\/div>\n\t\t\t\t<\/div>\n\t\t\t\t\t<\/div>\n\t\t<\/div>\n\t\t\t\t\t<\/div>\n\t\t<\/section>\n\t\t\t\t<section class=\"elementor-section elementor-top-section elementor-element elementor-element-6b653af elementor-section-boxed elementor-section-height-default elementor-section-height-default\" data-id=\"6b653af\" data-element_type=\"section\" data-e-type=\"section\">\n\t\t\t\t\t\t<div class=\"elementor-container elementor-column-gap-default\">\n\t\t\t\t\t<div class=\"elementor-column elementor-col-50 elementor-top-column elementor-element elementor-element-201c742\" data-id=\"201c742\" data-element_type=\"column\" data-e-type=\"column\">\n\t\t\t<div class=\"elementor-widget-wrap elementor-element-populated\">\n\t\t\t\t\t\t<div class=\"elementor-element elementor-element-ea3c3de elementor-widget elementor-widget-heading\" data-id=\"ea3c3de\" data-element_type=\"widget\" data-e-type=\"widget\" data-widget_type=\"heading.default\">\n\t\t\t\t<div class=\"elementor-widget-container\">\n\t\t\t\t\t<h2 class=\"elementor-heading-title elementor-size-default\">Scopul<\/h2>\t\t\t\t<\/div>\n\t\t\t\t<\/div>\n\t\t\t\t<div class=\"elementor-element elementor-element-41e1558 elementor-widget elementor-widget-text-editor\" data-id=\"41e1558\" data-element_type=\"widget\" data-e-type=\"widget\" data-widget_type=\"text-editor.default\">\n\t\t\t\t<div class=\"elementor-widget-container\">\n\t\t\t\t\t\t\t\t\t<p>Scopul programului de fotbal este de a motiva b\u0103ie\u021bii s\u0103 urmeze \u00een continuare \u0219coala \u0219i programul After School. \u00cen plus, b\u0103ie\u021bii nu doar \u00eenva\u021b\u0103 s\u0103 joace fotbal, ci se \u0219i antreneaz\u0103 \u00een disciplin\u0103 \u0219i \u00eenva\u021b\u0103 s\u0103 lucreze \u00eempreun\u0103 \u00een echip\u0103.<\/p>\t\t\t\t\t\t\t\t<\/div>\n\t\t\t\t<\/div>\n\t\t\t\t\t<\/div>\n\t\t<\/div>\n\t\t\t\t<div class=\"elementor-column elementor-col-50 elementor-top-column elementor-element elementor-element-34015de\" data-id=\"34015de\" data-element_type=\"column\" data-e-type=\"column\">\n\t\t\t<div class=\"elementor-widget-wrap\">\n\t\t\t\t\t\t\t<\/div>\n\t\t<\/div>\n\t\t\t\t\t<\/div>\n\t\t<\/section>\n\t\t\t\t<section class=\"elementor-section elementor-top-section elementor-element elementor-element-3bdc9a3 elementor-section-boxed elementor-section-height-default elementor-section-height-default\" data-id=\"3bdc9a3\" data-element_type=\"section\" data-e-type=\"section\">\n\t\t\t\t\t\t<div class=\"elementor-container elementor-column-gap-default\">\n\t\t\t\t\t<div class=\"elementor-column elementor-col-50 elementor-top-column elementor-element elementor-element-d15a936\" data-id=\"d15a936\" data-element_type=\"column\" data-e-type=\"column\">\n\t\t\t<div class=\"elementor-widget-wrap\">\n\t\t\t\t\t\t\t<\/div>\n\t\t<\/div>\n\t\t\t\t<div class=\"elementor-column elementor-col-50 elementor-top-column elementor-element elementor-element-d866a5d\" data-id=\"d866a5d\" data-element_type=\"column\" data-e-type=\"column\">\n\t\t\t<div class=\"elementor-widget-wrap elementor-element-populated\">\n\t\t\t\t\t\t<div class=\"elementor-element elementor-element-b4b083d elementor-widget elementor-widget-heading\" data-id=\"b4b083d\" data-element_type=\"widget\" data-e-type=\"widget\" data-widget_type=\"heading.default\">\n\t\t\t\t<div class=\"elementor-widget-container\">\n\t\t\t\t\t<h2 class=\"elementor-heading-title elementor-size-default\">\u00cenceputul<\/h2>\t\t\t\t<\/div>\n\t\t\t\t<\/div>\n\t\t\t\t<div class=\"elementor-element elementor-element-43eca2a elementor-widget elementor-widget-text-editor\" data-id=\"43eca2a\" data-element_type=\"widget\" data-e-type=\"widget\" data-widget_type=\"text-editor.default\">\n\t\t\t\t<div class=\"elementor-widget-container\">\n\t\t\t\t\t\t\t\t\t<p>B\u0103ie\u021bilor no\u0219tri nu le place \u00eentotdeauna s\u0103 mearg\u0103 la \u0219coal\u0103, dar le place s\u0103 joace fotbal.<br \/><br \/>Din acest motiv a fost creat programul de fotbal. Programul de fotbal este o recompens\u0103 \u0219i, prin urmare, o leg\u0103tur\u0103 frumoas\u0103 cu educa\u021bia.<\/p>\t\t\t\t\t\t\t\t<\/div>\n\t\t\t\t<\/div>\n\t\t\t\t\t<\/div>\n\t\t<\/div>\n\t\t\t\t\t<\/div>\n\t\t<\/section>\n\t\t\t\t<section class=\"elementor-section elementor-top-section elementor-element elementor-element-64ba7df elementor-section-boxed elementor-section-height-default elementor-section-height-default\" data-id=\"64ba7df\" data-element_type=\"section\" data-e-type=\"section\">\n\t\t\t\t\t\t<div class=\"elementor-container elementor-column-gap-default\">\n\t\t\t\t\t<div class=\"elementor-column elementor-col-50 elementor-top-column elementor-element elementor-element-2e90b96\" data-id=\"2e90b96\" data-element_type=\"column\" data-e-type=\"column\">\n\t\t\t<div class=\"elementor-widget-wrap elementor-element-populated\">\n\t\t\t\t\t\t<div class=\"elementor-element elementor-element-3540b5c elementor-widget elementor-widget-heading\" data-id=\"3540b5c\" data-element_type=\"widget\" data-e-type=\"widget\" data-widget_type=\"heading.default\">\n\t\t\t\t<div class=\"elementor-widget-container\">\n\t\t\t\t\t<h2 class=\"elementor-heading-title elementor-size-default\">Cum arat\u0103 programul?<\/h2>\t\t\t\t<\/div>\n\t\t\t\t<\/div>\n\t\t\t\t<div class=\"elementor-element elementor-element-a3d6447 elementor-widget elementor-widget-text-editor\" data-id=\"a3d6447\" data-element_type=\"widget\" data-e-type=\"widget\" data-widget_type=\"text-editor.default\">\n\t\t\t\t<div class=\"elementor-widget-container\">\n\t\t\t\t\t\t\t\t\t<p>O dat\u0103 pe s\u0103pt\u0103m\u00e2n\u0103 \u00eenchiriem un teren de fotbal \u00een sala, unde b\u0103ie\u021bii se antreneaz\u0103 \u00a0\u0219i participa la o competi\u021bie de fotbal. O competi\u021bie \u00een care po\u021bi c\u00e2\u0219tiga puncte ca grup \u0219i ca persoan\u0103.\u00a0 La sosire, tuturor b\u0103ie\u021bilor li se d\u0103 o sarcin\u0103 pe care trebuie s\u0103 o \u00eendeplineasc\u0103. Aceasta se refer\u0103, de exemplu, la preg\u0103tirea pionilor, vestelor sau mingilor.<br \/><br \/>Ascult\u00e2nd cu aten\u021bie \u00een timpul antrenamentului \u0219i \u00eendeplinindu-\u0219i bine sarcinile, b\u0103ie\u021bii pot c\u00e2\u0219tiga \u0219i puncte. Deci nu c\u00e2\u0219tigi puncte doar c\u00e2\u0219tig\u00e2nd meciul, ci \u0219i prin comportamentul t\u0103u pe teren.<br \/><br \/>C\u00e2nd ajung la un anumit num\u0103r de puncte ca echip\u0103, primesc o surpriz\u0103. De exemplu, b\u0103ie\u021bii au primit un trening nou. O minge de fotbal nou\u0103 frumoas\u0103 \u00eel a\u0219teapt\u0103 pe c\u00e2\u0219tig\u0103torul individual.<br \/><br \/>Aproape s\u0103pt\u0103manal vin to\u021bi b\u0103ie\u021bii. Prezen\u021ba bun\u0103 \u00eenseamn\u0103 a\u0219adar \u0219i c\u0103 prezen\u021ba la \u0219coal\u0103 \u0219i After School este bun\u0103!<br \/><br \/>Fotbalul se dovede\u0219te a fi un bun stimulent!<\/p>\t\t\t\t\t\t\t\t<\/div>\n\t\t\t\t<\/div>\n\t\t\t\t\t<\/div>\n\t\t<\/div>\n\t\t\t\t<div class=\"elementor-column elementor-col-50 elementor-top-column elementor-element elementor-element-ce02bea\" data-id=\"ce02bea\" data-element_type=\"column\" data-e-type=\"column\">\n\t\t\t<div class=\"elementor-widget-wrap elementor-element-populated\">\n\t\t\t\t\t\t<div class=\"elementor-element elementor-element-3b76a71 elementor-widget elementor-widget-image\" data-id=\"3b76a71\" data-element_type=\"widget\" data-e-type=\"widget\" data-widget_type=\"image.default\">\n\t\t\t\t<div class=\"elementor-widget-container\">\n\t\t\t\t\t\t\t\t\t\t\t\t\t\t\t<img fetchpriority=\"high\" decoding=\"async\" width=\"768\" height=\"768\" src=\"https:\/\/laleaua.nl\/cmccr\/wp-content\/uploads\/2020\/09\/Marin-Fianne-7-768x768.png\" class=\"attachment-medium_large size-medium_large wp-image-2143\" alt=\"\" srcset=\"https:\/\/laleaua.nl\/cmccr\/wp-content\/uploads\/2020\/09\/Marin-Fianne-7-768x768.png 768w, https:\/\/laleaua.nl\/cmccr\/wp-content\/uploads\/2020\/09\/Marin-Fianne-7-300x300.png 300w, https:\/\/laleaua.nl\/cmccr\/wp-content\/uploads\/2020\/09\/Marin-Fianne-7-1024x1024.png 1024w, https:\/\/laleaua.nl\/cmccr\/wp-content\/uploads\/2020\/09\/Marin-Fianne-7-150x150.png 150w, https:\/\/laleaua.nl\/cmccr\/wp-content\/uploads\/2020\/09\/Marin-Fianne-7-600x600.png 600w, https:\/\/laleaua.nl\/cmccr\/wp-content\/uploads\/2020\/09\/Marin-Fianne-7-100x100.png 100w, https:\/\/laleaua.nl\/cmccr\/wp-content\/uploads\/2020\/09\/Marin-Fianne-7.png 1080w\" sizes=\"(max-width: 768px) 100vw, 768px\" \/>\t\t\t\t\t\t\t\t\t\t\t\t\t\t\t<\/div>\n\t\t\t\t<\/div>\n\t\t\t\t\t<\/div>\n\t\t<\/div>\n\t\t\t\t\t<\/div>\n\t\t<\/section>\n\t\t\t\t<\/div>\n\t\t","protected":false},"excerpt":{"rendered":"<p>Fotbal Programul de fotbal const\u0103 \u00eentr-un antrenament s\u0103pt\u0103m\u00e2nal de fotbal \u0219i o competi\u021bie intre noi. A juca un meci de fotbal \u00een fiecare s\u0103pt\u0103m\u00e2n\u0103 este o recompens\u0103 \u0219i un stimulent pentru b\u0103ie\u021bi pentru a merge la \u0219coal\u0103. Scopul Scopul programului de fotbal este de a motiva b\u0103ie\u021bii s\u0103 urmeze \u00een continuare \u0219coala \u0219i programul After [&hellip;]<\/p>\n","protected":false},"author":2,"featured_media":0,"parent":0,"menu_order":0,"comment_status":"closed","ping_status":"closed","template":"elementor_header_footer","meta":{"footnotes":""},"class_list":["post-763","page","type-page","status-publish","hentry"],"_links":{"self":[{"href":"https:\/\/laleaua.nl\/cmccr\/wp-json\/wp\/v2\/pages\/763","targetHints":{"allow":["GET"]}}],"collection":[{"href":"https:\/\/laleaua.nl\/cmccr\/wp-json\/wp\/v2\/pages"}],"about":[{"href":"https:\/\/laleaua.nl\/cmccr\/wp-json\/wp\/v2\/types\/page"}],"author":[{"embeddable":true,"href":"https:\/\/laleaua.nl\/cmccr\/wp-json\/wp\/v2\/users\/2"}],"replies":[{"embeddable":true,"href":"https:\/\/laleaua.nl\/cmccr\/wp-json\/wp\/v2\/comments?post=763"}],"version-history":[{"count":67,"href":"https:\/\/laleaua.nl\/cmccr\/wp-json\/wp\/v2\/pages\/763\/revisions"}],"predecessor-version":[{"id":3184,"href":"https:\/\/laleaua.nl\/cmccr\/wp-json\/wp\/v2\/pages\/763\/revisions\/3184"}],"wp:attachment":[{"href":"https:\/\/laleaua.nl\/cmccr\/wp-json\/wp\/v2\/media?parent=763"}],"curies":[{"name":"wp","href":"https:\/\/api.w.org\/{rel}","templated":true}]}}