	{"id":799,"date":"2020-03-27T14:02:23","date_gmt":"2020-03-27T14:02:23","guid":{"rendered":"http:\/\/laleaua.nl\/cmcc\/?page_id=799"},"modified":"2026-03-26T16:12:28","modified_gmt":"2026-03-26T15:12:28","slug":"donateur-worden","status":"publish","type":"page","link":"https:\/\/laleaua.nl\/cmccr\/donateur-worden\/","title":{"rendered":"Devin donator!"},"content":{"rendered":"\t\t<div data-elementor-type=\"wp-page\" data-elementor-id=\"799\" class=\"elementor elementor-799\">\n\t\t\t\t\t\t<section class=\"elementor-section elementor-top-section elementor-element elementor-element-df5df83 elementor-section-boxed elementor-section-height-default elementor-section-height-default\" data-id=\"df5df83\" data-element_type=\"section\" data-e-type=\"section\">\n\t\t\t\t\t\t<div class=\"elementor-container elementor-column-gap-default\">\n\t\t\t\t\t<div class=\"elementor-column elementor-col-100 elementor-top-column elementor-element elementor-element-a6d2f30\" data-id=\"a6d2f30\" data-element_type=\"column\" data-e-type=\"column\">\n\t\t\t<div class=\"elementor-widget-wrap elementor-element-populated\">\n\t\t\t\t\t\t<div class=\"elementor-element elementor-element-7cba679 elementor-widget elementor-widget-heading\" data-id=\"7cba679\" data-element_type=\"widget\" data-e-type=\"widget\" data-widget_type=\"heading.default\">\n\t\t\t\t<div class=\"elementor-widget-container\">\n\t\t\t\t\t<h2 class=\"elementor-heading-title elementor-size-default\">Devin donator!<\/h2>\t\t\t\t<\/div>\n\t\t\t\t<\/div>\n\t\t\t\t\t<\/div>\n\t\t<\/div>\n\t\t\t\t\t<\/div>\n\t\t<\/section>\n\t\t\t\t<section class=\"elementor-section elementor-top-section elementor-element elementor-element-a6d0095 elementor-section-boxed elementor-section-height-default elementor-section-height-default\" data-id=\"a6d0095\" data-element_type=\"section\" data-e-type=\"section\">\n\t\t\t\t\t\t<div class=\"elementor-container elementor-column-gap-default\">\n\t\t\t\t\t<div class=\"elementor-column elementor-col-100 elementor-top-column elementor-element elementor-element-121b8a3\" data-id=\"121b8a3\" data-element_type=\"column\" data-e-type=\"column\">\n\t\t\t<div class=\"elementor-widget-wrap elementor-element-populated\">\n\t\t\t\t\t\t<div class=\"elementor-element elementor-element-820a8d1 elementor-widget elementor-widget-text-editor\" data-id=\"820a8d1\" data-element_type=\"widget\" data-e-type=\"widget\" data-widget_type=\"text-editor.default\">\n\t\t\t\t<div class=\"elementor-widget-container\">\n\t\t\t\t\t\t\t\t\t\n<div class=\"wpcf7 no-js\" id=\"wpcf7-f1603-o1\" lang=\"nl-NL\" dir=\"ltr\" data-wpcf7-id=\"1603\">\n<div class=\"screen-reader-response\"><p role=\"status\" aria-live=\"polite\" aria-atomic=\"true\"><\/p> <ul><\/ul><\/div>\n<form action=\"\/cmccr\/wp-json\/wp\/v2\/pages\/799#wpcf7-f1603-o1\" method=\"post\" class=\"wpcf7-form init\" aria-label=\"Contactformulier\" novalidate=\"novalidate\" data-status=\"init\">\n<fieldset class=\"hidden-fields-container\"><input type=\"hidden\" name=\"_wpcf7\" value=\"1603\" \/><input type=\"hidden\" name=\"_wpcf7_version\" value=\"6.1.5\" \/><input type=\"hidden\" name=\"_wpcf7_locale\" value=\"nl_NL\" \/><input type=\"hidden\" name=\"_wpcf7_unit_tag\" value=\"wpcf7-f1603-o1\" \/><input type=\"hidden\" name=\"_wpcf7_container_post\" value=\"0\" \/><input type=\"hidden\" name=\"_wpcf7_posted_data_hash\" value=\"\" \/>\n<\/fieldset>\n<p><label> First name*<br \/>\n<span class=\"wpcf7-form-control-wrap\" data-name=\"voornaam-d\"><input size=\"40\" maxlength=\"400\" class=\"wpcf7-form-control wpcf7-text wpcf7-validates-as-required\" aria-required=\"true\" aria-invalid=\"false\" value=\"\" type=\"text\" name=\"voornaam-d\" \/><\/span> <\/label>\n<\/p>\n<p><label> Last name*<br \/>\n<span class=\"wpcf7-form-control-wrap\" data-name=\"achternaam-d\"><input size=\"40\" maxlength=\"400\" class=\"wpcf7-form-control wpcf7-text wpcf7-validates-as-required\" aria-required=\"true\" aria-invalid=\"false\" value=\"\" type=\"text\" name=\"achternaam-d\" \/><\/span> <\/label>\n<\/p>\n<p><label> Postal Code*<br \/>\n<span class=\"wpcf7-form-control-wrap\" data-name=\"postcode-d\"><input size=\"40\" maxlength=\"400\" class=\"wpcf7-form-control wpcf7-text wpcf7-validates-as-required\" id=\"Woonplaats\" aria-required=\"true\" aria-invalid=\"false\" value=\"\" type=\"text\" name=\"postcode-d\" \/><\/span> <\/label>\n<\/p>\n<p><label> Address*<br \/>\n<span class=\"wpcf7-form-control-wrap\" data-name=\"adres-d\"><input size=\"40\" maxlength=\"400\" class=\"wpcf7-form-control wpcf7-text wpcf7-validates-as-required\" aria-required=\"true\" aria-invalid=\"false\" value=\"\" type=\"text\" name=\"adres-d\" \/><\/span> <\/label>\n<\/p>\n<p><label> Residence*<br \/>\n<span class=\"wpcf7-form-control-wrap\" data-name=\"woonplaats-d\"><input size=\"40\" maxlength=\"400\" class=\"wpcf7-form-control wpcf7-text wpcf7-validates-as-required\" aria-required=\"true\" aria-invalid=\"false\" value=\"\" type=\"text\" name=\"woonplaats-d\" \/><\/span> <\/label>\n<\/p>\n<p><label>Your email*<br \/>\n<span class=\"wpcf7-form-control-wrap\" data-name=\"your-email\"><input size=\"40\" maxlength=\"400\" class=\"wpcf7-form-control wpcf7-email wpcf7-validates-as-required wpcf7-text wpcf7-validates-as-email\" aria-required=\"true\" aria-invalid=\"false\" value=\"\" type=\"email\" name=\"your-email\" \/><\/span> <\/label>\n<\/p>\n<p><label> Bank account number IBAN*<br \/>\n<span class=\"wpcf7-form-control-wrap\" data-name=\"bankrekening-iban\"><input size=\"40\" maxlength=\"400\" class=\"wpcf7-form-control wpcf7-text wpcf7-validates-as-required\" id=\"BankrekeningIBAN\" aria-required=\"true\" aria-invalid=\"false\" value=\"\" type=\"text\" name=\"bankrekening-iban\" \/><\/span> <\/label><br \/>\nI would like to donate the amount below*:<br \/>\n<span class=\"wpcf7-form-control-wrap\" data-name=\"donatie-d\"><select class=\"wpcf7-form-control wpcf7-select wpcf7-validates-as-required\" aria-required=\"true\" aria-invalid=\"false\" name=\"donatie-d\"><option value=\"15\">15<\/option><option value=\"5\">5<\/option><option value=\"10\">10<\/option><option value=\"15\">15<\/option><option value=\"20\">20<\/option><option value=\"25\">25<\/option><option value=\"30\">30<\/option><option value=\"35\">35<\/option><option value=\"40\">40<\/option><option value=\"45\">45<\/option><option value=\"50\">50<\/option><option value=\"75\">75<\/option><option value=\"100\">100<\/option><option value=\"125\">125<\/option><option value=\"150\">150<\/option><\/select><\/span>\n<\/p>\n<p>I want to do this monthly \/ quarterly \/ annually*:<br \/>\n<span class=\"wpcf7-form-control-wrap\" data-name=\"eenmalig-maandelijks\"><span class=\"wpcf7-form-control wpcf7-checkbox wpcf7-validates-as-required wpcf7-exclusive-checkbox\"><span class=\"wpcf7-list-item first\"><input type=\"checkbox\" name=\"eenmalig-maandelijks\" value=\"Maandelijks\" \/><span class=\"wpcf7-list-item-label\">Maandelijks<\/span><\/span><span class=\"wpcf7-list-item\"><input type=\"checkbox\" name=\"eenmalig-maandelijks\" value=\"Per kwartaal\" \/><span class=\"wpcf7-list-item-label\">Per kwartaal<\/span><\/span><span class=\"wpcf7-list-item last\"><input type=\"checkbox\" name=\"eenmalig-maandelijks\" value=\"Jaarlijks\" \/><span class=\"wpcf7-list-item-label\">Jaarlijks<\/span><\/span><\/span><\/span>\n<\/p>\n<p><span class=\"wpcf7-form-control-wrap\" data-name=\"acceptance-854\"><span class=\"wpcf7-form-control wpcf7-acceptance optional\"><span class=\"wpcf7-list-item\"><label><input type=\"checkbox\" name=\"acceptance-854\" value=\"1\" aria-invalid=\"false\" \/><span class=\"wpcf7-list-item-label\">Yes, I am 18 years or older and I authorize Laleaua Foundation to debit the specified amount per specified period from the IBAN account number I specified above.<\/span><\/label><\/span><\/span><\/span>\n<\/p>\n<p><span class=\"wpcf7-form-control-wrap wpgdprc\"><span class=\"wpcf7-form-control wpcf7-wpgdprc wpcf7-validates-as-required\"><span class=\"wpcf7-list-item\"><input type=\"checkbox\" name=\"wpgdprc\" value=\"1\" aria-required=\"true\" aria-invalid=\"false\" \/><span class=\"wpcf7-list-item-label\">By using this form you agree to the storage and processing of your data by this website*.<\/span><\/span><\/span>    <\/span>\n<\/p>\n<p>*These fields are required to process your registration\n<\/p>\n<p><input class=\"wpcf7-form-control wpcf7-submit has-spinner\" type=\"submit\" value=\"Send\" \/>\n<\/p><div class=\"wpcf7-response-output\" aria-hidden=\"true\"><\/div>\n<\/form>\n<\/div>\n\t\t\t\t\t\t\t\t<\/div>\n\t\t\t\t<\/div>\n\t\t\t\t\t<\/div>\n\t\t<\/div>\n\t\t\t\t\t<\/div>\n\t\t<\/section>\n\t\t\t\t<section class=\"elementor-section elementor-top-section elementor-element elementor-element-986bf28 elementor-section-boxed elementor-section-height-default elementor-section-height-default\" data-id=\"986bf28\" data-element_type=\"section\" data-e-type=\"section\">\n\t\t\t\t\t\t<div class=\"elementor-container elementor-column-gap-default\">\n\t\t\t\t\t<div class=\"elementor-column elementor-col-100 elementor-top-column elementor-element elementor-element-68080bd\" data-id=\"68080bd\" data-element_type=\"column\" data-e-type=\"column\">\n\t\t\t<div class=\"elementor-widget-wrap elementor-element-populated\">\n\t\t\t\t\t\t<div class=\"elementor-element elementor-element-b16d301 elementor-widget elementor-widget-spacer\" data-id=\"b16d301\" data-element_type=\"widget\" data-e-type=\"widget\" data-widget_type=\"spacer.default\">\n\t\t\t\t<div class=\"elementor-widget-container\">\n\t\t\t\t\t\t\t<div class=\"elementor-spacer\">\n\t\t\t<div class=\"elementor-spacer-inner\"><\/div>\n\t\t<\/div>\n\t\t\t\t\t\t<\/div>\n\t\t\t\t<\/div>\n\t\t\t\t<div class=\"elementor-element elementor-element-0c7e096 elementor-widget-divider--view-line_icon elementor-view-default elementor-widget-divider--element-align-center elementor-widget elementor-widget-divider\" data-id=\"0c7e096\" data-element_type=\"widget\" data-e-type=\"widget\" data-widget_type=\"divider.default\">\n\t\t\t\t<div class=\"elementor-widget-container\">\n\t\t\t\t\t\t\t<div class=\"elementor-divider\">\n\t\t\t<span class=\"elementor-divider-separator\">\n\t\t\t\t\t\t\t<div class=\"elementor-icon elementor-divider__element\">\n\t\t\t\t\t<i aria-hidden=\"true\" class=\"far fa-envelope\"><\/i><\/div>\n\t\t\t\t\t\t<\/span>\n\t\t<\/div>\n\t\t\t\t\t\t<\/div>\n\t\t\t\t<\/div>\n\t\t\t\t<div class=\"elementor-element elementor-element-90066b8 elementor-widget elementor-widget-heading\" data-id=\"90066b8\" data-element_type=\"widget\" data-e-type=\"widget\" data-widget_type=\"heading.default\">\n\t\t\t\t<div class=\"elementor-widget-container\">\n\t\t\t\t\t<h2 class=\"elementor-heading-title elementor-size-default\">Newsletter<\/h2>\t\t\t\t<\/div>\n\t\t\t\t<\/div>\n\t\t\t\t\t<\/div>\n\t\t<\/div>\n\t\t\t\t\t<\/div>\n\t\t<\/section>\n\t\t\t\t<section class=\"elementor-section elementor-top-section elementor-element elementor-element-25d6b16 elementor-section-boxed elementor-section-height-default elementor-section-height-default\" data-id=\"25d6b16\" data-element_type=\"section\" data-e-type=\"section\">\n\t\t\t\t\t\t<div class=\"elementor-container elementor-column-gap-default\">\n\t\t\t\t\t<div class=\"elementor-column elementor-col-100 elementor-top-column elementor-element elementor-element-aa8eaae\" data-id=\"aa8eaae\" data-element_type=\"column\" data-e-type=\"column\">\n\t\t\t<div class=\"elementor-widget-wrap elementor-element-populated\">\n\t\t\t\t\t\t<div class=\"elementor-element elementor-element-40e8b5d elementor-widget elementor-widget-text-editor\" data-id=\"40e8b5d\" data-element_type=\"widget\" data-e-type=\"widget\" data-widget_type=\"text-editor.default\">\n\t\t\t\t<div class=\"elementor-widget-container\">\n\t\t\t\t\t\t\t\t\t<p><span class=\"HwtZe\" lang=\"en\"><span class=\"jCAhz ChMk0b\"><span class=\"ryNqvb\">Ne-am dori s\u0103 r\u0103m\u00e2nem \u00een contact cu dumneavoastr\u0103 prin newsletter-ul nostru!<br \/><\/span><\/span><\/span>Dori\u021bi s\u0103 primi\u021bi \u0219i newsletter-ul nostru?<br \/>V\u0103 rug\u0103m s\u0103 completa\u021bi detaliile dvs. <span style=\"font-weight: var( --e-global-typography-text-font-weight );\"><a href=\"https:\/\/laleaua.nl\/cmccr\/de-nieuwsbrief\/\"><strong>aici<\/strong><\/a>!\u00a0<\/span><\/p>\t\t\t\t\t\t\t\t<\/div>\n\t\t\t\t<\/div>\n\t\t\t\t\t<\/div>\n\t\t<\/div>\n\t\t\t\t\t<\/div>\n\t\t<\/section>\n\t\t\t\t<\/div>\n\t\t","protected":false},"excerpt":{"rendered":"<p>Devin donator! Newsletter Ne-am dori s\u0103 r\u0103m\u00e2nem \u00een contact cu dumneavoastr\u0103 prin newsletter-ul nostru!Dori\u021bi s\u0103 primi\u021bi \u0219i newsletter-ul nostru?V\u0103 rug\u0103m s\u0103 completa\u021bi detaliile dvs. aici!\u00a0<\/p>\n","protected":false},"author":2,"featured_media":0,"parent":0,"menu_order":0,"comment_status":"closed","ping_status":"closed","template":"elementor_header_footer","meta":{"footnotes":""},"class_list":["post-799","page","type-page","status-publish","hentry"],"_links":{"self":[{"href":"https:\/\/laleaua.nl\/cmccr\/wp-json\/wp\/v2\/pages\/799","targetHints":{"allow":["GET"]}}],"collection":[{"href":"https:\/\/laleaua.nl\/cmccr\/wp-json\/wp\/v2\/pages"}],"about":[{"href":"https:\/\/laleaua.nl\/cmccr\/wp-json\/wp\/v2\/types\/page"}],"author":[{"embeddable":true,"href":"https:\/\/laleaua.nl\/cmccr\/wp-json\/wp\/v2\/users\/2"}],"replies":[{"embeddable":true,"href":"https:\/\/laleaua.nl\/cmccr\/wp-json\/wp\/v2\/comments?post=799"}],"version-history":[{"count":53,"href":"https:\/\/laleaua.nl\/cmccr\/wp-json\/wp\/v2\/pages\/799\/revisions"}],"predecessor-version":[{"id":3150,"href":"https:\/\/laleaua.nl\/cmccr\/wp-json\/wp\/v2\/pages\/799\/revisions\/3150"}],"wp:attachment":[{"href":"https:\/\/laleaua.nl\/cmccr\/wp-json\/wp\/v2\/media?parent=799"}],"curies":[{"name":"wp","href":"https:\/\/api.w.org\/{rel}","templated":true}]}}