	{"id":806,"date":"2020-03-27T14:06:37","date_gmt":"2020-03-27T14:06:37","guid":{"rendered":"http:\/\/laleaua.nl\/cmcc\/?page_id=806"},"modified":"2026-03-26T16:15:00","modified_gmt":"2026-03-26T15:15:00","slug":"doneren","status":"publish","type":"page","link":"https:\/\/laleaua.nl\/cmccr\/doneren\/","title":{"rendered":"Dona"},"content":{"rendered":"\t\t<div data-elementor-type=\"wp-page\" data-elementor-id=\"806\" class=\"elementor elementor-806\">\n\t\t\t\t\t\t<section class=\"elementor-section elementor-top-section elementor-element elementor-element-471dca9 elementor-section-boxed elementor-section-height-default elementor-section-height-default\" data-id=\"471dca9\" data-element_type=\"section\" data-e-type=\"section\">\n\t\t\t\t\t\t<div class=\"elementor-container elementor-column-gap-default\">\n\t\t\t\t\t<div class=\"elementor-column elementor-col-100 elementor-top-column elementor-element elementor-element-e155827\" data-id=\"e155827\" data-element_type=\"column\" data-e-type=\"column\">\n\t\t\t<div class=\"elementor-widget-wrap elementor-element-populated\">\n\t\t\t\t\t\t<div class=\"elementor-element elementor-element-530cd9b elementor-widget elementor-widget-heading\" data-id=\"530cd9b\" data-element_type=\"widget\" data-e-type=\"widget\" data-widget_type=\"heading.default\">\n\t\t\t\t<div class=\"elementor-widget-container\">\n\t\t\t\t\t<h2 class=\"elementor-heading-title elementor-size-default\">Dona<\/h2>\t\t\t\t<\/div>\n\t\t\t\t<\/div>\n\t\t\t\t\t<\/div>\n\t\t<\/div>\n\t\t\t\t\t<\/div>\n\t\t<\/section>\n\t\t\t\t<section class=\"elementor-section elementor-top-section elementor-element elementor-element-7671a4f elementor-section-boxed elementor-section-height-default elementor-section-height-default\" data-id=\"7671a4f\" data-element_type=\"section\" data-e-type=\"section\">\n\t\t\t\t\t\t<div class=\"elementor-container elementor-column-gap-default\">\n\t\t\t\t\t<div class=\"elementor-column elementor-col-16 elementor-top-column elementor-element elementor-element-795aa21\" data-id=\"795aa21\" data-element_type=\"column\" data-e-type=\"column\">\n\t\t\t<div class=\"elementor-widget-wrap\">\n\t\t\t\t\t\t\t<\/div>\n\t\t<\/div>\n\t\t\t\t<div class=\"elementor-column elementor-col-66 elementor-top-column elementor-element elementor-element-2c13fbe\" data-id=\"2c13fbe\" data-element_type=\"column\" data-e-type=\"column\">\n\t\t\t<div class=\"elementor-widget-wrap elementor-element-populated\">\n\t\t\t\t\t\t<div class=\"elementor-element elementor-element-13d1cab elementor-widget elementor-widget-text-editor\" data-id=\"13d1cab\" data-element_type=\"widget\" data-e-type=\"widget\" data-widget_type=\"text-editor.default\">\n\t\t\t\t<div class=\"elementor-widget-container\">\n\t\t\t\t\t\t\t\t\t<p>Dac\u0103 dori\u021bi s\u0103 transfera\u021bi o sum\u0103 de bani c\u0103tre Laleaua, <br \/>pute\u021bi transfera aceast\u0103 sum\u0103 la urm\u0103torul num\u0103r de cont:<\/p><p>RO79 RZBR 0000 0600 0212 4629<br \/>Asocia\u021bia Laleaua<br \/>T\u00e2rn\u0103veni<\/p>\t\t\t\t\t\t\t\t<\/div>\n\t\t\t\t<\/div>\n\t\t\t\t\t<\/div>\n\t\t<\/div>\n\t\t\t\t<div class=\"elementor-column elementor-col-16 elementor-top-column elementor-element elementor-element-869f2ae\" data-id=\"869f2ae\" data-element_type=\"column\" data-e-type=\"column\">\n\t\t\t<div class=\"elementor-widget-wrap\">\n\t\t\t\t\t\t\t<\/div>\n\t\t<\/div>\n\t\t\t\t\t<\/div>\n\t\t<\/section>\n\t\t\t\t<section class=\"elementor-section elementor-top-section elementor-element elementor-element-1b30cc2 elementor-section-boxed elementor-section-height-default elementor-section-height-default\" data-id=\"1b30cc2\" data-element_type=\"section\" data-e-type=\"section\">\n\t\t\t\t\t\t<div class=\"elementor-container elementor-column-gap-default\">\n\t\t\t\t\t<div class=\"elementor-column elementor-col-25 elementor-top-column elementor-element elementor-element-ececa76\" data-id=\"ececa76\" data-element_type=\"column\" data-e-type=\"column\">\n\t\t\t<div class=\"elementor-widget-wrap\">\n\t\t\t\t\t\t\t<\/div>\n\t\t<\/div>\n\t\t\t\t<div class=\"elementor-column elementor-col-50 elementor-top-column elementor-element elementor-element-13a80f4\" data-id=\"13a80f4\" data-element_type=\"column\" data-e-type=\"column\">\n\t\t\t<div class=\"elementor-widget-wrap elementor-element-populated\">\n\t\t\t\t\t\t<div class=\"elementor-element elementor-element-5da393f elementor-widget elementor-widget-image\" data-id=\"5da393f\" data-element_type=\"widget\" data-e-type=\"widget\" data-widget_type=\"image.default\">\n\t\t\t\t<div class=\"elementor-widget-container\">\n\t\t\t\t\t\t\t\t\t\t\t\t\t\t\t<img fetchpriority=\"high\" decoding=\"async\" width=\"300\" height=\"300\" src=\"https:\/\/laleaua.nl\/cmccr\/wp-content\/uploads\/2020\/06\/Bloemen-tuin-02-300x300.png\" class=\"attachment-medium size-medium wp-image-1522\" alt=\"\" srcset=\"https:\/\/laleaua.nl\/cmccr\/wp-content\/uploads\/2020\/06\/Bloemen-tuin-02-300x300.png 300w, https:\/\/laleaua.nl\/cmccr\/wp-content\/uploads\/2020\/06\/Bloemen-tuin-02-1024x1024.png 1024w, https:\/\/laleaua.nl\/cmccr\/wp-content\/uploads\/2020\/06\/Bloemen-tuin-02-150x150.png 150w, https:\/\/laleaua.nl\/cmccr\/wp-content\/uploads\/2020\/06\/Bloemen-tuin-02-768x768.png 768w, https:\/\/laleaua.nl\/cmccr\/wp-content\/uploads\/2020\/06\/Bloemen-tuin-02-1536x1536.png 1536w, https:\/\/laleaua.nl\/cmccr\/wp-content\/uploads\/2020\/06\/Bloemen-tuin-02-600x600.png 600w, https:\/\/laleaua.nl\/cmccr\/wp-content\/uploads\/2020\/06\/Bloemen-tuin-02-100x100.png 100w, https:\/\/laleaua.nl\/cmccr\/wp-content\/uploads\/2020\/06\/Bloemen-tuin-02.png 1773w\" sizes=\"(max-width: 300px) 100vw, 300px\" \/>\t\t\t\t\t\t\t\t\t\t\t\t\t\t\t<\/div>\n\t\t\t\t<\/div>\n\t\t\t\t\t<\/div>\n\t\t<\/div>\n\t\t\t\t<div class=\"elementor-column elementor-col-25 elementor-top-column elementor-element elementor-element-3129586\" data-id=\"3129586\" data-element_type=\"column\" data-e-type=\"column\">\n\t\t\t<div class=\"elementor-widget-wrap\">\n\t\t\t\t\t\t\t<\/div>\n\t\t<\/div>\n\t\t\t\t\t<\/div>\n\t\t<\/section>\n\t\t\t\t<\/div>\n\t\t","protected":false},"excerpt":{"rendered":"<p>Dona Dac\u0103 dori\u021bi s\u0103 transfera\u021bi o sum\u0103 de bani c\u0103tre Laleaua, pute\u021bi transfera aceast\u0103 sum\u0103 la urm\u0103torul num\u0103r de cont: RO79 RZBR 0000 0600 0212 4629Asocia\u021bia LaleauaT\u00e2rn\u0103veni<\/p>\n","protected":false},"author":2,"featured_media":0,"parent":0,"menu_order":0,"comment_status":"closed","ping_status":"closed","template":"elementor_header_footer","meta":{"footnotes":""},"class_list":["post-806","page","type-page","status-publish","hentry"],"_links":{"self":[{"href":"https:\/\/laleaua.nl\/cmccr\/wp-json\/wp\/v2\/pages\/806","targetHints":{"allow":["GET"]}}],"collection":[{"href":"https:\/\/laleaua.nl\/cmccr\/wp-json\/wp\/v2\/pages"}],"about":[{"href":"https:\/\/laleaua.nl\/cmccr\/wp-json\/wp\/v2\/types\/page"}],"author":[{"embeddable":true,"href":"https:\/\/laleaua.nl\/cmccr\/wp-json\/wp\/v2\/users\/2"}],"replies":[{"embeddable":true,"href":"https:\/\/laleaua.nl\/cmccr\/wp-json\/wp\/v2\/comments?post=806"}],"version-history":[{"count":26,"href":"https:\/\/laleaua.nl\/cmccr\/wp-json\/wp\/v2\/pages\/806\/revisions"}],"predecessor-version":[{"id":3154,"href":"https:\/\/laleaua.nl\/cmccr\/wp-json\/wp\/v2\/pages\/806\/revisions\/3154"}],"wp:attachment":[{"href":"https:\/\/laleaua.nl\/cmccr\/wp-json\/wp\/v2\/media?parent=806"}],"curies":[{"name":"wp","href":"https:\/\/api.w.org\/{rel}","templated":true}]}}